{"id":4628,"date":"2025-12-17T10:49:30","date_gmt":"2025-12-17T09:49:30","guid":{"rendered":"https:\/\/aqualuxpool.eu\/servis\/"},"modified":"2026-01-26T10:58:40","modified_gmt":"2026-01-26T09:58:40","slug":"servis","status":"publish","type":"page","link":"https:\/\/aqualuxpool.eu\/cs\/servis\/","title":{"rendered":"Servis"},"content":{"rendered":"\t\t<div data-elementor-type=\"wp-page\" data-elementor-id=\"4628\" class=\"elementor elementor-4628 elementor-4615\" data-elementor-post-type=\"page\">\n\t\t\t\t<div class=\"elementor-element elementor-element-5b2c5e6 e-flex e-con-boxed e-con e-parent\" data-id=\"5b2c5e6\" data-element_type=\"container\">\n\t\t\t\t\t<div class=\"e-con-inner\">\n\t\t\t\t<div class=\"elementor-element elementor-element-d255e12 elementor-widget__width-inherit elementor-widget elementor-widget-heading\" data-id=\"d255e12\" data-element_type=\"widget\" data-widget_type=\"heading.default\">\n\t\t\t\t\t<h2 class=\"elementor-heading-title elementor-size-default\">Servis<\/h2>\t\t\t\t<\/div>\n\t\t\t\t\t<\/div>\n\t\t\t\t<\/div>\n\t\t<div class=\"elementor-element elementor-element-ff60e8c e-flex e-con-boxed e-con e-parent\" data-id=\"ff60e8c\" data-element_type=\"container\">\n\t\t\t\t\t<div class=\"e-con-inner\">\n\t\t<div class=\"elementor-element elementor-element-17badf8 e-con-full e-flex e-con e-child\" data-id=\"17badf8\" data-element_type=\"container\">\n\t\t\t\t<div class=\"elementor-element elementor-element-0ee1822 elementor-widget elementor-widget-text-editor\" data-id=\"0ee1822\" data-element_type=\"widget\" data-widget_type=\"text-editor.default\">\n\t\t\t\t\t\t\t\t\t<p>D\u011bkujeme za projeven\u00fd z\u00e1jem a oce\u0148ujeme va\u0161e rozhodnut\u00ed.<\/p>\t\t\t\t\t\t\t\t<\/div>\n\t\t\t\t<div class=\"elementor-element elementor-element-cc5ffba elementor-widget elementor-widget-text-editor\" data-id=\"cc5ffba\" data-element_type=\"widget\" data-widget_type=\"text-editor.default\">\n\t\t\t\t\t\t\t\t\t<p>Osobn\u011b se s V\u00e1mi spoj\u00edme a p\u0159ejdeme Va\u0161i p\u0159edstavu.<\/p>\t\t\t\t\t\t\t\t<\/div>\n\t\t<div class=\"elementor-element elementor-element-a9a0c65 e-con-full e-flex e-con e-child\" data-id=\"a9a0c65\" data-element_type=\"container\">\n\t\t<div class=\"elementor-element elementor-element-8e139c1 e-con-full e-flex e-con e-child\" data-id=\"8e139c1\" data-element_type=\"container\">\n\t\t\t\t<div class=\"elementor-element elementor-element-2ff2c41 elementor-widget__width-initial elementor-widget elementor-widget-image\" data-id=\"2ff2c41\" data-element_type=\"widget\" data-widget_type=\"image.default\">\n\t\t\t\t\t\t\t\t\t\t\t\t\t\t\t<img decoding=\"async\" width=\"150\" height=\"150\" src=\"https:\/\/aqualuxpool.eu\/wp-content\/uploads\/2023\/11\/ikona-medaila-aqualuxpool-150x150.gif\" class=\"attachment-thumbnail size-thumbnail wp-image-1246\" alt=\"\" srcset=\"https:\/\/aqualuxpool.eu\/wp-content\/uploads\/2023\/11\/ikona-medaila-aqualuxpool-150x150.gif 150w, https:\/\/aqualuxpool.eu\/wp-content\/uploads\/2023\/11\/ikona-medaila-aqualuxpool-300x300.gif 300w\" sizes=\"(max-width: 150px) 100vw, 150px\" \/>\t\t\t\t\t\t\t\t\t\t\t\t\t\t\t<\/div>\n\t\t\t\t<div class=\"elementor-element elementor-element-5e4faff elementor-widget elementor-widget-text-editor\" data-id=\"5e4faff\" data-element_type=\"widget\" data-widget_type=\"text-editor.default\">\n\t\t\t\t\t\t\t\t\t<p>Evropsk\u00e1 kvalita<\/p>\t\t\t\t\t\t\t\t<\/div>\n\t\t\t\t<\/div>\n\t\t<div class=\"elementor-element elementor-element-907b85c e-con-full e-flex e-con e-child\" data-id=\"907b85c\" data-element_type=\"container\">\n\t\t\t\t<div class=\"elementor-element elementor-element-b9cdcce elementor-widget__width-initial elementor-widget elementor-widget-image\" data-id=\"b9cdcce\" data-element_type=\"widget\" data-widget_type=\"image.default\">\n\t\t\t\t\t\t\t\t\t\t\t\t\t\t\t<img decoding=\"async\" width=\"150\" height=\"150\" src=\"https:\/\/aqualuxpool.eu\/wp-content\/uploads\/2023\/11\/ikona-vlajka-aqualuxpool.gif-150x150.gif\" class=\"attachment-thumbnail size-thumbnail wp-image-1244\" alt=\"\" srcset=\"https:\/\/aqualuxpool.eu\/wp-content\/uploads\/2023\/11\/ikona-vlajka-aqualuxpool.gif-150x150.gif 150w, https:\/\/aqualuxpool.eu\/wp-content\/uploads\/2023\/11\/ikona-vlajka-aqualuxpool.gif-300x300.gif 300w\" sizes=\"(max-width: 150px) 100vw, 150px\" \/>\t\t\t\t\t\t\t\t\t\t\t\t\t\t\t<\/div>\n\t\t\t\t<div class=\"elementor-element elementor-element-ab87c50 elementor-widget elementor-widget-text-editor\" data-id=\"ab87c50\" data-element_type=\"widget\" data-widget_type=\"text-editor.default\">\n\t\t\t\t\t\t\t\t\tSlovensk\u00fd v\u00fdrobce\t\t\t\t\t\t\t\t<\/div>\n\t\t\t\t<\/div>\n\t\t<div class=\"elementor-element elementor-element-262f186 e-con-full e-flex e-con e-child\" data-id=\"262f186\" data-element_type=\"container\">\n\t\t\t\t<div class=\"elementor-element elementor-element-d68d94b elementor-widget__width-initial elementor-widget elementor-widget-image\" data-id=\"d68d94b\" data-element_type=\"widget\" data-widget_type=\"image.default\">\n\t\t\t\t\t\t\t\t\t\t\t\t\t\t\t<img decoding=\"async\" width=\"150\" height=\"150\" src=\"https:\/\/aqualuxpool.eu\/wp-content\/uploads\/2023\/11\/ikona-spokojny-aqualuxpool-150x150.gif\" class=\"attachment-thumbnail size-thumbnail wp-image-1245\" alt=\"\" srcset=\"https:\/\/aqualuxpool.eu\/wp-content\/uploads\/2023\/11\/ikona-spokojny-aqualuxpool-150x150.gif 150w, https:\/\/aqualuxpool.eu\/wp-content\/uploads\/2023\/11\/ikona-spokojny-aqualuxpool-300x300.gif 300w\" sizes=\"(max-width: 150px) 100vw, 150px\" \/>\t\t\t\t\t\t\t\t\t\t\t\t\t\t\t<\/div>\n\t\t\t\t<div class=\"elementor-element elementor-element-68077f3 elementor-widget elementor-widget-text-editor\" data-id=\"68077f3\" data-element_type=\"widget\" data-widget_type=\"text-editor.default\">\n\t\t\t\t\t\t\t\t\t<p>Garance spokojenosti<\/p>\t\t\t\t\t\t\t\t<\/div>\n\t\t\t\t<\/div>\n\t\t\t\t<\/div>\n\t\t\t\t<\/div>\n\t\t<div class=\"elementor-element elementor-element-6112c91 e-con-full e-flex e-con e-child\" data-id=\"6112c91\" data-element_type=\"container\">\n\t\t\t\t<div class=\"elementor-element elementor-element-b5885bf elementor-widget elementor-widget-text-editor\" data-id=\"b5885bf\" data-element_type=\"widget\" data-widget_type=\"text-editor.default\">\n\t\t\t\t\t\t\t\t\t<p>Pros\u00edme, vypl\u0148te je\u0161t\u011b formul\u00e1\u0159 (email, mobil, odkaz) a dejte odeslat.<\/p>\t\t\t\t\t\t\t\t<\/div>\n\t\t<div class=\"elementor-element elementor-element-696dba2 e-con-full e-flex e-con e-child\" data-id=\"696dba2\" data-element_type=\"container\" data-settings=\"{&quot;background_background&quot;:&quot;classic&quot;,&quot;shape_divider_top&quot;:&quot;waves&quot;}\">\n\t\t\t\t<div class=\"elementor-shape elementor-shape-top\" data-negative=\"false\">\n\t\t\t<svg xmlns=\"http:\/\/www.w3.org\/2000\/svg\" viewBox=\"0 0 1000 100\" preserveAspectRatio=\"none\">\n\t<path class=\"elementor-shape-fill\" d=\"M421.9,6.5c22.6-2.5,51.5,0.4,75.5,5.3c23.6,4.9,70.9,23.5,100.5,35.7c75.8,32.2,133.7,44.5,192.6,49.7\n\tc23.6,2.1,48.7,3.5,103.4-2.5c54.7-6,106.2-25.6,106.2-25.6V0H0v30.3c0,0,72,32.6,158.4,30.5c39.2-0.7,92.8-6.7,134-22.4\n\tc21.2-8.1,52.2-18.2,79.7-24.2C399.3,7.9,411.6,7.5,421.9,6.5z\"\/>\n<\/svg>\t\t<\/div>\n\t\t\t\t<div class=\"elementor-element elementor-element-b624284 elementor-button-align-center elementor-mobile-button-align-center elementor-widget elementor-widget-form\" data-id=\"b624284\" data-element_type=\"widget\" data-settings=\"{&quot;step_next_label&quot;:&quot;Dal\\u0161\\u00ed&quot;,&quot;step_previous_label&quot;:&quot;P\\u0159edchoz\\u00ed&quot;,&quot;button_width&quot;:&quot;100&quot;,&quot;step_type&quot;:&quot;number_text&quot;,&quot;step_icon_shape&quot;:&quot;circle&quot;}\" data-widget_type=\"form.default\">\n\t\t\t\t\t\t\t<form class=\"elementor-form\" method=\"post\" name=\"Servis\">\n\t\t\t<input type=\"hidden\" name=\"post_id\" value=\"4628\"\/>\n\t\t\t<input type=\"hidden\" name=\"form_id\" value=\"b624284\"\/>\n\t\t\t<input type=\"hidden\" name=\"referer_title\" value=\"AQUA LUX POOL\" \/>\n\n\t\t\t\n\t\t\t<div class=\"elementor-form-fields-wrapper elementor-labels-\">\n\t\t\t\t\t\t\t\t<div class=\"elementor-field-type-text elementor-field-group elementor-column elementor-field-group-Meno elementor-col-100 elementor-field-required\">\n\t\t\t\t\t\t\t\t\t\t\t\t<label for=\"form-field-Meno\" class=\"elementor-field-label elementor-screen-only\">\n\t\t\t\t\t\t\t\tVa\u0161e jm\u00e9no\t\t\t\t\t\t\t<\/label>\n\t\t\t\t\t\t\t\t\t\t\t\t\t\t<input size=\"1\" type=\"text\" name=\"form_fields[Meno]\" id=\"form-field-Meno\" class=\"elementor-field elementor-size-xl  elementor-field-textual\" placeholder=\"Jm\u00e9no\" required=\"required\">\n\t\t\t\t\t\t\t\t\t\t\t<\/div>\n\t\t\t\t\t\t\t\t<div class=\"elementor-field-type-email elementor-field-group elementor-column elementor-field-group-Email elementor-col-100 elementor-field-required\">\n\t\t\t\t\t\t\t\t\t\t\t\t<label for=\"form-field-Email\" class=\"elementor-field-label elementor-screen-only\">\n\t\t\t\t\t\t\t\tV\u00e1\u0161 email\t\t\t\t\t\t\t<\/label>\n\t\t\t\t\t\t\t\t\t\t\t\t\t\t<input size=\"1\" type=\"email\" name=\"form_fields[Email]\" id=\"form-field-Email\" class=\"elementor-field elementor-size-xl  elementor-field-textual\" placeholder=\"Email\" required=\"required\">\n\t\t\t\t\t\t\t\t\t\t\t<\/div>\n\t\t\t\t\t\t\t\t<div class=\"elementor-field-type-text elementor-field-group elementor-column elementor-field-group-Telefon elementor-col-100 elementor-field-required\">\n\t\t\t\t\t\t\t\t\t\t\t\t<label for=\"form-field-Telefon\" class=\"elementor-field-label elementor-screen-only\">\n\t\t\t\t\t\t\t\tV\u00e1\u0161 telefon\t\t\t\t\t\t\t<\/label>\n\t\t\t\t\t\t\t\t\t\t\t\t\t\t<input size=\"1\" type=\"text\" name=\"form_fields[Telefon]\" id=\"form-field-Telefon\" class=\"elementor-field elementor-size-xl  elementor-field-textual\" placeholder=\"Telefon\" required=\"required\">\n\t\t\t\t\t\t\t\t\t\t\t<\/div>\n\t\t\t\t\t\t\t\t<div class=\"elementor-field-type-text elementor-field-group elementor-column elementor-field-group-Lokalita elementor-col-100 elementor-field-required\">\n\t\t\t\t\t\t\t\t\t\t\t\t<label for=\"form-field-Lokalita\" class=\"elementor-field-label elementor-screen-only\">\n\t\t\t\t\t\t\t\tLokalita\t\t\t\t\t\t\t<\/label>\n\t\t\t\t\t\t\t\t\t\t\t\t\t\t<input size=\"1\" type=\"text\" name=\"form_fields[Lokalita]\" id=\"form-field-Lokalita\" class=\"elementor-field elementor-size-xl  elementor-field-textual\" placeholder=\"Lokalita\" required=\"required\">\n\t\t\t\t\t\t\t\t\t\t\t<\/div>\n\t\t\t\t\t\t\t\t<div class=\"elementor-field-type-textarea elementor-field-group elementor-column elementor-field-group-Odkaz elementor-col-100 elementor-field-required\">\n\t\t\t\t\t\t\t\t\t\t\t\t<label for=\"form-field-Odkaz\" class=\"elementor-field-label elementor-screen-only\">\n\t\t\t\t\t\t\t\tV\u00e1\u0161 odkaz\t\t\t\t\t\t\t<\/label>\n\t\t\t\t\t\t<textarea class=\"elementor-field-textual elementor-field  elementor-size-xl\" name=\"form_fields[Odkaz]\" id=\"form-field-Odkaz\" rows=\"5\" placeholder=\"Odkaz\" required=\"required\"><\/textarea>\t\t\t\t<\/div>\n\t\t\t\t\t\t\t\t<div class=\"elementor-field-type-acceptance elementor-field-group elementor-column elementor-field-group-ZSOU elementor-col-100 elementor-field-required\">\n\t\t\t\t\t\t\t<div class=\"elementor-field-subgroup\">\n\t\t\t<span class=\"elementor-field-option\">\n\t\t\t\t<input type=\"checkbox\" name=\"form_fields[ZSOU]\" id=\"form-field-ZSOU\" class=\"elementor-field elementor-size-xl  elementor-acceptance-field\" required=\"required\">\n\t\t\t\t<label for=\"form-field-ZSOU\">Souhlas\u00edm se zpracov\u00e1n\u00edm osobn\u00edch \u00fadaj\u016f dle <a href=\"https:\/\/www.aqualuxpool.eu\/zsou\">Z\u00e1sad zpracov\u00e1n\u00ed osobn\u00edch \u00fadaj\u016f<\/a>.<\/label>\t\t\t<\/span>\n\t\t<\/div>\n\t\t\t\t\t\t<\/div>\n\t\t\t\t\t\t\t\t<div class=\"elementor-field-type-recaptcha_v3 elementor-field-group elementor-column elementor-field-group-Recaptcha elementor-col-100 recaptcha_v3-bottomright\">\n\t\t\t\t\t<div class=\"elementor-field\" id=\"form-field-Recaptcha\"><div class=\"elementor-g-recaptcha\" data-sitekey=\"6Lf3ZEQpAAAAACCkFb6bUrO86nvcmYYSpjF8mud2\" data-type=\"v3\" data-action=\"Form\" data-badge=\"bottomright\" data-size=\"invisible\"><\/div><\/div>\t\t\t\t<\/div>\n\t\t\t\t\t\t\t\t<div class=\"elementor-field-type-upload elementor-field-group elementor-column elementor-field-group-Prilohy elementor-col-100\">\n\t\t\t\t\t\t\t<input type=\"file\" name=\"form_fields[Prilohy][]\" id=\"form-field-Prilohy\" class=\"elementor-field elementor-size-xl  elementor-upload-field\" multiple=\"multiple\" data-maxsize=\"10\" data-maxsize-message=\"This file exceeds the maximum allowed size.\">\n\n\t\t\t\t\t\t<\/div>\n\t\t\t\t\t\t\t\t<div class=\"elementor-field-group elementor-column elementor-field-type-submit elementor-col-100 e-form__buttons\">\n\t\t\t\t\t<button class=\"elementor-button elementor-size-md\" type=\"submit\">\n\t\t\t\t\t\t<span class=\"elementor-button-content-wrapper\">\n\t\t\t\t\t\t\t\t\t\t\t\t\t\t\t\t\t\t\t\t\t\t<span class=\"elementor-button-text\">Odeslat<\/span>\n\t\t\t\t\t\t\t\t\t\t\t\t\t<\/span>\n\t\t\t\t\t<\/button>\n\t\t\t\t<\/div>\n\t\t\t<\/div>\n\t\t<\/form>\n\t\t\t\t\t\t<\/div>\n\t\t\t\t<\/div>\n\t\t\t\t<\/div>\n\t\t\t\t\t<\/div>\n\t\t\t\t<\/div>\n\t\t\t\t<\/div>\n\t\t","protected":false},"excerpt":{"rendered":"<p>Servis D\u011bkujeme za projeven\u00fd z\u00e1jem a oce\u0148ujeme va\u0161e rozhodnut\u00ed. Osobn\u011b se s V\u00e1mi spoj\u00edme a p\u0159ejdeme Va\u0161i p\u0159edstavu. Evropsk\u00e1 kvalita Slovensk\u00fd v\u00fdrobce Garance spokojenosti Pros\u00edme, vypl\u0148te je\u0161t\u011b formul\u00e1\u0159 (email, mobil, odkaz) a dejte odeslat.<\/p>\n","protected":false},"author":2,"featured_media":0,"parent":0,"menu_order":0,"comment_status":"closed","ping_status":"closed","template":"","meta":{"footnotes":""},"class_list":["post-4628","page","type-page","status-publish","hentry"],"yoast_head":"<!-- This site is optimized with the Yoast SEO plugin v24.6 - https:\/\/yoast.com\/wordpress\/plugins\/seo\/ -->\n<title>Servis - AQUA LUX POOL<\/title>\n<meta name=\"robots\" content=\"index, follow, max-snippet:-1, max-image-preview:large, max-video-preview:-1\" \/>\n<link rel=\"canonical\" href=\"https:\/\/aqualuxpool.eu\/servis\/\" \/>\n<meta property=\"og:locale\" content=\"cs_CZ\" \/>\n<meta property=\"og:type\" content=\"article\" \/>\n<meta property=\"og:title\" content=\"Servis - AQUA LUX POOL\" \/>\n<meta property=\"og:description\" content=\"Servis D\u011bkujeme za projeven\u00fd z\u00e1jem a oce\u0148ujeme va\u0161e rozhodnut\u00ed. Osobn\u011b se s V\u00e1mi spoj\u00edme a p\u0159ejdeme Va\u0161i p\u0159edstavu. Evropsk\u00e1 kvalita Slovensk\u00fd v\u00fdrobce Garance spokojenosti Pros\u00edme, vypl\u0148te je\u0161t\u011b formul\u00e1\u0159 (email, mobil, odkaz) a dejte odeslat.\" \/>\n<meta property=\"og:url\" content=\"https:\/\/aqualuxpool.eu\/servis\/\" \/>\n<meta property=\"og:site_name\" content=\"AQUA LUX POOL\" \/>\n<meta property=\"article:modified_time\" content=\"2026-01-26T09:58:40+00:00\" \/>\n<meta property=\"og:image\" content=\"https:\/\/aqualuxpool.eu\/wp-content\/uploads\/2023\/11\/ikona-medaila-aqualuxpool.gif\" \/>\n\t<meta property=\"og:image:width\" content=\"640\" \/>\n\t<meta property=\"og:image:height\" content=\"640\" \/>\n\t<meta property=\"og:image:type\" content=\"image\/gif\" \/>\n<meta name=\"twitter:card\" content=\"summary_large_image\" \/>\n<script type=\"application\/ld+json\" class=\"yoast-schema-graph\">{\"@context\":\"https:\/\/schema.org\",\"@graph\":[{\"@type\":\"WebPage\",\"@id\":\"https:\/\/aqualuxpool.eu\/servis\/\",\"url\":\"https:\/\/aqualuxpool.eu\/servis\/\",\"name\":\"Servis - AQUA LUX POOL\",\"isPartOf\":{\"@id\":\"https:\/\/aqualuxpool.eu\/cs\/#website\"},\"primaryImageOfPage\":{\"@id\":\"https:\/\/aqualuxpool.eu\/servis\/#primaryimage\"},\"image\":{\"@id\":\"https:\/\/aqualuxpool.eu\/servis\/#primaryimage\"},\"thumbnailUrl\":\"https:\/\/aqualuxpool.eu\/wp-content\/uploads\/2023\/11\/ikona-medaila-aqualuxpool-150x150.gif\",\"datePublished\":\"2025-12-17T09:49:30+00:00\",\"dateModified\":\"2026-01-26T09:58:40+00:00\",\"breadcrumb\":{\"@id\":\"https:\/\/aqualuxpool.eu\/servis\/#breadcrumb\"},\"inLanguage\":\"cs\",\"potentialAction\":[{\"@type\":\"ReadAction\",\"target\":[\"https:\/\/aqualuxpool.eu\/servis\/\"]}]},{\"@type\":\"ImageObject\",\"inLanguage\":\"cs\",\"@id\":\"https:\/\/aqualuxpool.eu\/servis\/#primaryimage\",\"url\":\"https:\/\/aqualuxpool.eu\/wp-content\/uploads\/2023\/11\/ikona-medaila-aqualuxpool-150x150.gif\",\"contentUrl\":\"https:\/\/aqualuxpool.eu\/wp-content\/uploads\/2023\/11\/ikona-medaila-aqualuxpool-150x150.gif\"},{\"@type\":\"BreadcrumbList\",\"@id\":\"https:\/\/aqualuxpool.eu\/servis\/#breadcrumb\",\"itemListElement\":[{\"@type\":\"ListItem\",\"position\":1,\"name\":\"Home\",\"item\":\"https:\/\/aqualuxpool.eu\/cs\/homepage-2\/\"},{\"@type\":\"ListItem\",\"position\":2,\"name\":\"Servis\"}]},{\"@type\":\"WebSite\",\"@id\":\"https:\/\/aqualuxpool.eu\/cs\/#website\",\"url\":\"https:\/\/aqualuxpool.eu\/cs\/\",\"name\":\"AQUA LUX POOL\",\"description\":\"Luxusn\u00e9 nerezov\u00e9 baz\u00e9ny\",\"publisher\":{\"@id\":\"https:\/\/aqualuxpool.eu\/cs\/#organization\"},\"potentialAction\":[{\"@type\":\"SearchAction\",\"target\":{\"@type\":\"EntryPoint\",\"urlTemplate\":\"https:\/\/aqualuxpool.eu\/cs\/?s={search_term_string}\"},\"query-input\":{\"@type\":\"PropertyValueSpecification\",\"valueRequired\":true,\"valueName\":\"search_term_string\"}}],\"inLanguage\":\"cs\"},{\"@type\":\"Organization\",\"@id\":\"https:\/\/aqualuxpool.eu\/cs\/#organization\",\"name\":\"AQUA LUX POOL\",\"url\":\"https:\/\/aqualuxpool.eu\/cs\/\",\"logo\":{\"@type\":\"ImageObject\",\"inLanguage\":\"cs\",\"@id\":\"https:\/\/aqualuxpool.eu\/cs\/#\/schema\/logo\/image\/\",\"url\":\"https:\/\/aqualuxpool.eu\/wp-content\/uploads\/2023\/10\/logo.png\",\"contentUrl\":\"https:\/\/aqualuxpool.eu\/wp-content\/uploads\/2023\/10\/logo.png\",\"width\":1248,\"height\":284,\"caption\":\"AQUA LUX POOL\"},\"image\":{\"@id\":\"https:\/\/aqualuxpool.eu\/cs\/#\/schema\/logo\/image\/\"}}]}<\/script>\n<!-- \/ Yoast SEO plugin. -->","yoast_head_json":{"title":"Servis - AQUA LUX POOL","robots":{"index":"index","follow":"follow","max-snippet":"max-snippet:-1","max-image-preview":"max-image-preview:large","max-video-preview":"max-video-preview:-1"},"canonical":"https:\/\/aqualuxpool.eu\/servis\/","og_locale":"cs_CZ","og_type":"article","og_title":"Servis - AQUA LUX POOL","og_description":"Servis D\u011bkujeme za projeven\u00fd z\u00e1jem a oce\u0148ujeme va\u0161e rozhodnut\u00ed. Osobn\u011b se s V\u00e1mi spoj\u00edme a p\u0159ejdeme Va\u0161i p\u0159edstavu. Evropsk\u00e1 kvalita Slovensk\u00fd v\u00fdrobce Garance spokojenosti Pros\u00edme, vypl\u0148te je\u0161t\u011b formul\u00e1\u0159 (email, mobil, odkaz) a dejte odeslat.","og_url":"https:\/\/aqualuxpool.eu\/servis\/","og_site_name":"AQUA LUX POOL","article_modified_time":"2026-01-26T09:58:40+00:00","og_image":[{"width":640,"height":640,"url":"https:\/\/aqualuxpool.eu\/wp-content\/uploads\/2023\/11\/ikona-medaila-aqualuxpool.gif","type":"image\/gif"}],"twitter_card":"summary_large_image","schema":{"@context":"https:\/\/schema.org","@graph":[{"@type":"WebPage","@id":"https:\/\/aqualuxpool.eu\/servis\/","url":"https:\/\/aqualuxpool.eu\/servis\/","name":"Servis - AQUA LUX POOL","isPartOf":{"@id":"https:\/\/aqualuxpool.eu\/cs\/#website"},"primaryImageOfPage":{"@id":"https:\/\/aqualuxpool.eu\/servis\/#primaryimage"},"image":{"@id":"https:\/\/aqualuxpool.eu\/servis\/#primaryimage"},"thumbnailUrl":"https:\/\/aqualuxpool.eu\/wp-content\/uploads\/2023\/11\/ikona-medaila-aqualuxpool-150x150.gif","datePublished":"2025-12-17T09:49:30+00:00","dateModified":"2026-01-26T09:58:40+00:00","breadcrumb":{"@id":"https:\/\/aqualuxpool.eu\/servis\/#breadcrumb"},"inLanguage":"cs","potentialAction":[{"@type":"ReadAction","target":["https:\/\/aqualuxpool.eu\/servis\/"]}]},{"@type":"ImageObject","inLanguage":"cs","@id":"https:\/\/aqualuxpool.eu\/servis\/#primaryimage","url":"https:\/\/aqualuxpool.eu\/wp-content\/uploads\/2023\/11\/ikona-medaila-aqualuxpool-150x150.gif","contentUrl":"https:\/\/aqualuxpool.eu\/wp-content\/uploads\/2023\/11\/ikona-medaila-aqualuxpool-150x150.gif"},{"@type":"BreadcrumbList","@id":"https:\/\/aqualuxpool.eu\/servis\/#breadcrumb","itemListElement":[{"@type":"ListItem","position":1,"name":"Home","item":"https:\/\/aqualuxpool.eu\/cs\/homepage-2\/"},{"@type":"ListItem","position":2,"name":"Servis"}]},{"@type":"WebSite","@id":"https:\/\/aqualuxpool.eu\/cs\/#website","url":"https:\/\/aqualuxpool.eu\/cs\/","name":"AQUA LUX POOL","description":"Luxusn\u00e9 nerezov\u00e9 baz\u00e9ny","publisher":{"@id":"https:\/\/aqualuxpool.eu\/cs\/#organization"},"potentialAction":[{"@type":"SearchAction","target":{"@type":"EntryPoint","urlTemplate":"https:\/\/aqualuxpool.eu\/cs\/?s={search_term_string}"},"query-input":{"@type":"PropertyValueSpecification","valueRequired":true,"valueName":"search_term_string"}}],"inLanguage":"cs"},{"@type":"Organization","@id":"https:\/\/aqualuxpool.eu\/cs\/#organization","name":"AQUA LUX POOL","url":"https:\/\/aqualuxpool.eu\/cs\/","logo":{"@type":"ImageObject","inLanguage":"cs","@id":"https:\/\/aqualuxpool.eu\/cs\/#\/schema\/logo\/image\/","url":"https:\/\/aqualuxpool.eu\/wp-content\/uploads\/2023\/10\/logo.png","contentUrl":"https:\/\/aqualuxpool.eu\/wp-content\/uploads\/2023\/10\/logo.png","width":1248,"height":284,"caption":"AQUA LUX POOL"},"image":{"@id":"https:\/\/aqualuxpool.eu\/cs\/#\/schema\/logo\/image\/"}}]}},"_links":{"self":[{"href":"https:\/\/aqualuxpool.eu\/cs\/wp-json\/wp\/v2\/pages\/4628","targetHints":{"allow":["GET"]}}],"collection":[{"href":"https:\/\/aqualuxpool.eu\/cs\/wp-json\/wp\/v2\/pages"}],"about":[{"href":"https:\/\/aqualuxpool.eu\/cs\/wp-json\/wp\/v2\/types\/page"}],"author":[{"embeddable":true,"href":"https:\/\/aqualuxpool.eu\/cs\/wp-json\/wp\/v2\/users\/2"}],"replies":[{"embeddable":true,"href":"https:\/\/aqualuxpool.eu\/cs\/wp-json\/wp\/v2\/comments?post=4628"}],"version-history":[{"count":3,"href":"https:\/\/aqualuxpool.eu\/cs\/wp-json\/wp\/v2\/pages\/4628\/revisions"}],"predecessor-version":[{"id":4879,"href":"https:\/\/aqualuxpool.eu\/cs\/wp-json\/wp\/v2\/pages\/4628\/revisions\/4879"}],"wp:attachment":[{"href":"https:\/\/aqualuxpool.eu\/cs\/wp-json\/wp\/v2\/media?parent=4628"}],"curies":[{"name":"wp","href":"https:\/\/api.w.org\/{rel}","templated":true}]}}