{"id":4467,"date":"2025-08-26T16:35:02","date_gmt":"2025-08-26T14:35:02","guid":{"rendered":"https:\/\/aqualuxpool.eu\/realizace\/realizace-trencin\/"},"modified":"2025-09-03T09:30:51","modified_gmt":"2025-09-03T07:30:51","slug":"realizace-trencin","status":"publish","type":"page","link":"https:\/\/aqualuxpool.eu\/cs\/realizace\/realizace-trencin\/","title":{"rendered":"Realizace &#8211; Tren\u010d\u00edn"},"content":{"rendered":"\t\t<div data-elementor-type=\"wp-page\" data-elementor-id=\"4467\" class=\"elementor elementor-4467 elementor-4225\" data-elementor-post-type=\"page\">\n\t\t\t\t<div class=\"elementor-element elementor-element-f26161a e-flex e-con-boxed e-con e-parent\" data-id=\"f26161a\" data-element_type=\"container\">\n\t\t\t\t\t<div class=\"e-con-inner\">\n\t\t\t\t<div class=\"elementor-element elementor-element-071c247 elementor-widget__width-inherit elementor-widget elementor-widget-heading\" data-id=\"071c247\" data-element_type=\"widget\" data-widget_type=\"heading.default\">\n\t\t\t\t\t<h1 class=\"elementor-heading-title elementor-size-default\">Tren\u010d\u00edn<\/h1>\t\t\t\t<\/div>\n\t\t\t\t\t<\/div>\n\t\t\t\t<\/div>\n\t\t<div class=\"elementor-element elementor-element-10dd738 e-flex e-con-boxed e-con e-child\" data-id=\"10dd738\" data-element_type=\"container\">\n\t\t\t\t\t<div class=\"e-con-inner\">\n\t\t\t\t<div class=\"elementor-element elementor-element-1b10225 elementor-widget elementor-widget-gallery\" data-id=\"1b10225\" data-element_type=\"widget\" data-settings=\"{&quot;columns&quot;:2,&quot;lazyload&quot;:&quot;yes&quot;,&quot;gallery_layout&quot;:&quot;grid&quot;,&quot;columns_tablet&quot;:2,&quot;columns_mobile&quot;:1,&quot;gap&quot;:{&quot;unit&quot;:&quot;px&quot;,&quot;size&quot;:10,&quot;sizes&quot;:[]},&quot;gap_tablet&quot;:{&quot;unit&quot;:&quot;px&quot;,&quot;size&quot;:10,&quot;sizes&quot;:[]},&quot;gap_mobile&quot;:{&quot;unit&quot;:&quot;px&quot;,&quot;size&quot;:10,&quot;sizes&quot;:[]},&quot;link_to&quot;:&quot;file&quot;,&quot;aspect_ratio&quot;:&quot;3:2&quot;,&quot;overlay_background&quot;:&quot;yes&quot;}\" data-widget_type=\"gallery.default\">\n\t\t\t\t\t\t\t<div class=\"elementor-gallery__container\">\n\t\t\t\t\t\t\t<a class=\"e-gallery-item elementor-gallery-item\" href=\"https:\/\/aqualuxpool.eu\/wp-content\/uploads\/2024\/03\/nerezovy-bazen-realizacia-Trencin-agualuxpool-01.jpg\" data-elementor-open-lightbox=\"yes\" data-elementor-lightbox-slideshow=\"1b10225\" data-e-action-hash=\"#elementor-action%3Aaction%3Dlightbox%26settings%3DeyJpZCI6MjMyMiwidXJsIjoiaHR0cHM6XC9cL2FxdWFsdXhwb29sLmV1XC93cC1jb250ZW50XC91cGxvYWRzXC8yMDI0XC8wM1wvbmVyZXpvdnktYmF6ZW4tcmVhbGl6YWNpYS1UcmVuY2luLWFndWFsdXhwb29sLTAxLmpwZyIsInNsaWRlc2hvdyI6IjFiMTAyMjUifQ%3D%3D\">\n\t\t\t\t\t<div class=\"e-gallery-image elementor-gallery-item__image\" data-thumbnail=\"https:\/\/aqualuxpool.eu\/wp-content\/uploads\/2024\/03\/nerezovy-bazen-realizacia-Trencin-agualuxpool-01.jpg\" data-width=\"1536\" data-height=\"2048\" aria-label=\"\" role=\"img\" ><\/div>\n\t\t\t\t\t\t\t\t\t\t\t<div class=\"elementor-gallery-item__overlay\"><\/div>\n\t\t\t\t\t\t\t\t\t\t\t\t\t\t<\/a>\n\t\t\t\t\t\t\t<a class=\"e-gallery-item elementor-gallery-item\" href=\"https:\/\/aqualuxpool.eu\/wp-content\/uploads\/2024\/03\/nerezovy-bazen-realizacia-Trencin-agualuxpool-02.jpg\" data-elementor-open-lightbox=\"yes\" data-elementor-lightbox-slideshow=\"1b10225\" data-e-action-hash=\"#elementor-action%3Aaction%3Dlightbox%26settings%3DeyJpZCI6MjMyMywidXJsIjoiaHR0cHM6XC9cL2FxdWFsdXhwb29sLmV1XC93cC1jb250ZW50XC91cGxvYWRzXC8yMDI0XC8wM1wvbmVyZXpvdnktYmF6ZW4tcmVhbGl6YWNpYS1UcmVuY2luLWFndWFsdXhwb29sLTAyLmpwZyIsInNsaWRlc2hvdyI6IjFiMTAyMjUifQ%3D%3D\">\n\t\t\t\t\t<div class=\"e-gallery-image elementor-gallery-item__image\" data-thumbnail=\"https:\/\/aqualuxpool.eu\/wp-content\/uploads\/2024\/03\/nerezovy-bazen-realizacia-Trencin-agualuxpool-02.jpg\" data-width=\"1179\" data-height=\"639\" aria-label=\"\" role=\"img\" ><\/div>\n\t\t\t\t\t\t\t\t\t\t\t<div class=\"elementor-gallery-item__overlay\"><\/div>\n\t\t\t\t\t\t\t\t\t\t\t\t\t\t<\/a>\n\t\t\t\t\t\t\t<a class=\"e-gallery-item elementor-gallery-item\" href=\"https:\/\/aqualuxpool.eu\/wp-content\/uploads\/2024\/03\/nerezovy-bazen-realizacia-Trencin-agualuxpool-03.jpg\" data-elementor-open-lightbox=\"yes\" data-elementor-lightbox-slideshow=\"1b10225\" data-e-action-hash=\"#elementor-action%3Aaction%3Dlightbox%26settings%3DeyJpZCI6MjMyNCwidXJsIjoiaHR0cHM6XC9cL2FxdWFsdXhwb29sLmV1XC93cC1jb250ZW50XC91cGxvYWRzXC8yMDI0XC8wM1wvbmVyZXpvdnktYmF6ZW4tcmVhbGl6YWNpYS1UcmVuY2luLWFndWFsdXhwb29sLTAzLmpwZyIsInNsaWRlc2hvdyI6IjFiMTAyMjUifQ%3D%3D\">\n\t\t\t\t\t<div class=\"e-gallery-image elementor-gallery-item__image\" data-thumbnail=\"https:\/\/aqualuxpool.eu\/wp-content\/uploads\/2024\/03\/nerezovy-bazen-realizacia-Trencin-agualuxpool-03.jpg\" data-width=\"1179\" data-height=\"1881\" aria-label=\"\" role=\"img\" ><\/div>\n\t\t\t\t\t\t\t\t\t\t\t<div class=\"elementor-gallery-item__overlay\"><\/div>\n\t\t\t\t\t\t\t\t\t\t\t\t\t\t<\/a>\n\t\t\t\t\t\t\t<a class=\"e-gallery-item elementor-gallery-item\" href=\"https:\/\/aqualuxpool.eu\/wp-content\/uploads\/2024\/03\/nerezovy-bazen-realizacia-Trencin-agualuxpool-04.jpg\" data-elementor-open-lightbox=\"yes\" data-elementor-lightbox-slideshow=\"1b10225\" data-e-action-hash=\"#elementor-action%3Aaction%3Dlightbox%26settings%3DeyJpZCI6MjMyNSwidXJsIjoiaHR0cHM6XC9cL2FxdWFsdXhwb29sLmV1XC93cC1jb250ZW50XC91cGxvYWRzXC8yMDI0XC8wM1wvbmVyZXpvdnktYmF6ZW4tcmVhbGl6YWNpYS1UcmVuY2luLWFndWFsdXhwb29sLTA0LmpwZyIsInNsaWRlc2hvdyI6IjFiMTAyMjUifQ%3D%3D\">\n\t\t\t\t\t<div class=\"e-gallery-image elementor-gallery-item__image\" data-thumbnail=\"https:\/\/aqualuxpool.eu\/wp-content\/uploads\/2024\/03\/nerezovy-bazen-realizacia-Trencin-agualuxpool-04.jpg\" data-width=\"1178\" data-height=\"1770\" aria-label=\"\" role=\"img\" ><\/div>\n\t\t\t\t\t\t\t\t\t\t\t<div class=\"elementor-gallery-item__overlay\"><\/div>\n\t\t\t\t\t\t\t\t\t\t\t\t\t\t<\/a>\n\t\t\t\t\t\t\t<a class=\"e-gallery-item elementor-gallery-item\" href=\"https:\/\/aqualuxpool.eu\/wp-content\/uploads\/2024\/03\/nerezovy-bazen-realizacia-Trencin-agualuxpool-05.jpg\" data-elementor-open-lightbox=\"yes\" data-elementor-lightbox-slideshow=\"1b10225\" data-e-action-hash=\"#elementor-action%3Aaction%3Dlightbox%26settings%3DeyJpZCI6MjMyNiwidXJsIjoiaHR0cHM6XC9cL2FxdWFsdXhwb29sLmV1XC93cC1jb250ZW50XC91cGxvYWRzXC8yMDI0XC8wM1wvbmVyZXpvdnktYmF6ZW4tcmVhbGl6YWNpYS1UcmVuY2luLWFndWFsdXhwb29sLTA1LmpwZyIsInNsaWRlc2hvdyI6IjFiMTAyMjUifQ%3D%3D\">\n\t\t\t\t\t<div class=\"e-gallery-image elementor-gallery-item__image\" data-thumbnail=\"https:\/\/aqualuxpool.eu\/wp-content\/uploads\/2024\/03\/nerezovy-bazen-realizacia-Trencin-agualuxpool-05.jpg\" data-width=\"2048\" data-height=\"1404\" aria-label=\"\" role=\"img\" ><\/div>\n\t\t\t\t\t\t\t\t\t\t\t<div class=\"elementor-gallery-item__overlay\"><\/div>\n\t\t\t\t\t\t\t\t\t\t\t\t\t\t<\/a>\n\t\t\t\t\t\t\t<a class=\"e-gallery-item elementor-gallery-item\" href=\"https:\/\/aqualuxpool.eu\/wp-content\/uploads\/2024\/03\/nerezovy-bazen-realizacia-Trencin-agualuxpool-06.jpg\" data-elementor-open-lightbox=\"yes\" data-elementor-lightbox-slideshow=\"1b10225\" data-e-action-hash=\"#elementor-action%3Aaction%3Dlightbox%26settings%3DeyJpZCI6MjMyNywidXJsIjoiaHR0cHM6XC9cL2FxdWFsdXhwb29sLmV1XC93cC1jb250ZW50XC91cGxvYWRzXC8yMDI0XC8wM1wvbmVyZXpvdnktYmF6ZW4tcmVhbGl6YWNpYS1UcmVuY2luLWFndWFsdXhwb29sLTA2LmpwZyIsInNsaWRlc2hvdyI6IjFiMTAyMjUifQ%3D%3D\">\n\t\t\t\t\t<div class=\"e-gallery-image elementor-gallery-item__image\" data-thumbnail=\"https:\/\/aqualuxpool.eu\/wp-content\/uploads\/2024\/03\/nerezovy-bazen-realizacia-Trencin-agualuxpool-06.jpg\" data-width=\"2048\" data-height=\"1536\" aria-label=\"\" role=\"img\" ><\/div>\n\t\t\t\t\t\t\t\t\t\t\t<div class=\"elementor-gallery-item__overlay\"><\/div>\n\t\t\t\t\t\t\t\t\t\t\t\t\t\t<\/a>\n\t\t\t\t\t<\/div>\n\t\t\t\t\t<\/div>\n\t\t\t\t\t<\/div>\n\t\t\t\t<\/div>\n\t\t\t\t<\/div>\n\t\t","protected":false},"excerpt":{"rendered":"<p>Tren\u010d\u00edn<\/p>\n","protected":false},"author":2,"featured_media":0,"parent":4457,"menu_order":0,"comment_status":"closed","ping_status":"closed","template":"","meta":{"footnotes":""},"class_list":["post-4467","page","type-page","status-publish","hentry"],"yoast_head":"<!-- This site is optimized with the Yoast SEO plugin v24.6 - https:\/\/yoast.com\/wordpress\/plugins\/seo\/ -->\n<title>Realizace - Tren\u010d\u00edn - AQUA LUX POOL<\/title>\n<meta name=\"robots\" content=\"index, follow, max-snippet:-1, max-image-preview:large, max-video-preview:-1\" \/>\n<link rel=\"canonical\" href=\"https:\/\/aqualuxpool.eu\/cs\/realizace\/realizace-trencin\/\" \/>\n<meta property=\"og:locale\" content=\"cs_CZ\" \/>\n<meta property=\"og:type\" content=\"article\" \/>\n<meta property=\"og:title\" content=\"Realizace - Tren\u010d\u00edn - AQUA LUX POOL\" \/>\n<meta property=\"og:description\" content=\"Tren\u010d\u00edn\" \/>\n<meta property=\"og:url\" content=\"https:\/\/aqualuxpool.eu\/cs\/realizace\/realizace-trencin\/\" \/>\n<meta property=\"og:site_name\" content=\"AQUA LUX POOL\" \/>\n<meta property=\"article:modified_time\" content=\"2025-09-03T07:30:51+00:00\" \/>\n<meta name=\"twitter:card\" content=\"summary_large_image\" \/>\n<script type=\"application\/ld+json\" class=\"yoast-schema-graph\">{\"@context\":\"https:\/\/schema.org\",\"@graph\":[{\"@type\":\"WebPage\",\"@id\":\"https:\/\/aqualuxpool.eu\/cs\/realizace\/realizace-trencin\/\",\"url\":\"https:\/\/aqualuxpool.eu\/cs\/realizace\/realizace-trencin\/\",\"name\":\"Realizace - Tren\u010d\u00edn - AQUA LUX POOL\",\"isPartOf\":{\"@id\":\"https:\/\/aqualuxpool.eu\/cs\/#website\"},\"datePublished\":\"2025-08-26T14:35:02+00:00\",\"dateModified\":\"2025-09-03T07:30:51+00:00\",\"breadcrumb\":{\"@id\":\"https:\/\/aqualuxpool.eu\/cs\/realizace\/realizace-trencin\/#breadcrumb\"},\"inLanguage\":\"cs\",\"potentialAction\":[{\"@type\":\"ReadAction\",\"target\":[\"https:\/\/aqualuxpool.eu\/cs\/realizace\/realizace-trencin\/\"]}]},{\"@type\":\"BreadcrumbList\",\"@id\":\"https:\/\/aqualuxpool.eu\/cs\/realizace\/realizace-trencin\/#breadcrumb\",\"itemListElement\":[{\"@type\":\"ListItem\",\"position\":1,\"name\":\"Home\",\"item\":\"https:\/\/aqualuxpool.eu\/cs\/homepage-2\/\"},{\"@type\":\"ListItem\",\"position\":2,\"name\":\"Realizace\",\"item\":\"https:\/\/aqualuxpool.eu\/cs\/realizace\/\"},{\"@type\":\"ListItem\",\"position\":3,\"name\":\"Realizace &#8211; Tren\u010d\u00edn\"}]},{\"@type\":\"WebSite\",\"@id\":\"https:\/\/aqualuxpool.eu\/cs\/#website\",\"url\":\"https:\/\/aqualuxpool.eu\/cs\/\",\"name\":\"AQUA LUX POOL\",\"description\":\"Luxusn\u00e9 nerezov\u00e9 baz\u00e9ny\",\"publisher\":{\"@id\":\"https:\/\/aqualuxpool.eu\/cs\/#organization\"},\"potentialAction\":[{\"@type\":\"SearchAction\",\"target\":{\"@type\":\"EntryPoint\",\"urlTemplate\":\"https:\/\/aqualuxpool.eu\/cs\/?s={search_term_string}\"},\"query-input\":{\"@type\":\"PropertyValueSpecification\",\"valueRequired\":true,\"valueName\":\"search_term_string\"}}],\"inLanguage\":\"cs\"},{\"@type\":\"Organization\",\"@id\":\"https:\/\/aqualuxpool.eu\/cs\/#organization\",\"name\":\"AQUA LUX POOL\",\"url\":\"https:\/\/aqualuxpool.eu\/cs\/\",\"logo\":{\"@type\":\"ImageObject\",\"inLanguage\":\"cs\",\"@id\":\"https:\/\/aqualuxpool.eu\/cs\/#\/schema\/logo\/image\/\",\"url\":\"https:\/\/aqualuxpool.eu\/wp-content\/uploads\/2023\/10\/logo.png\",\"contentUrl\":\"https:\/\/aqualuxpool.eu\/wp-content\/uploads\/2023\/10\/logo.png\",\"width\":1248,\"height\":284,\"caption\":\"AQUA LUX POOL\"},\"image\":{\"@id\":\"https:\/\/aqualuxpool.eu\/cs\/#\/schema\/logo\/image\/\"}}]}<\/script>\n<!-- \/ Yoast SEO plugin. -->","yoast_head_json":{"title":"Realizace - Tren\u010d\u00edn - AQUA LUX POOL","robots":{"index":"index","follow":"follow","max-snippet":"max-snippet:-1","max-image-preview":"max-image-preview:large","max-video-preview":"max-video-preview:-1"},"canonical":"https:\/\/aqualuxpool.eu\/cs\/realizace\/realizace-trencin\/","og_locale":"cs_CZ","og_type":"article","og_title":"Realizace - Tren\u010d\u00edn - AQUA LUX POOL","og_description":"Tren\u010d\u00edn","og_url":"https:\/\/aqualuxpool.eu\/cs\/realizace\/realizace-trencin\/","og_site_name":"AQUA LUX POOL","article_modified_time":"2025-09-03T07:30:51+00:00","twitter_card":"summary_large_image","schema":{"@context":"https:\/\/schema.org","@graph":[{"@type":"WebPage","@id":"https:\/\/aqualuxpool.eu\/cs\/realizace\/realizace-trencin\/","url":"https:\/\/aqualuxpool.eu\/cs\/realizace\/realizace-trencin\/","name":"Realizace - Tren\u010d\u00edn - AQUA LUX POOL","isPartOf":{"@id":"https:\/\/aqualuxpool.eu\/cs\/#website"},"datePublished":"2025-08-26T14:35:02+00:00","dateModified":"2025-09-03T07:30:51+00:00","breadcrumb":{"@id":"https:\/\/aqualuxpool.eu\/cs\/realizace\/realizace-trencin\/#breadcrumb"},"inLanguage":"cs","potentialAction":[{"@type":"ReadAction","target":["https:\/\/aqualuxpool.eu\/cs\/realizace\/realizace-trencin\/"]}]},{"@type":"BreadcrumbList","@id":"https:\/\/aqualuxpool.eu\/cs\/realizace\/realizace-trencin\/#breadcrumb","itemListElement":[{"@type":"ListItem","position":1,"name":"Home","item":"https:\/\/aqualuxpool.eu\/cs\/homepage-2\/"},{"@type":"ListItem","position":2,"name":"Realizace","item":"https:\/\/aqualuxpool.eu\/cs\/realizace\/"},{"@type":"ListItem","position":3,"name":"Realizace &#8211; Tren\u010d\u00edn"}]},{"@type":"WebSite","@id":"https:\/\/aqualuxpool.eu\/cs\/#website","url":"https:\/\/aqualuxpool.eu\/cs\/","name":"AQUA LUX POOL","description":"Luxusn\u00e9 nerezov\u00e9 baz\u00e9ny","publisher":{"@id":"https:\/\/aqualuxpool.eu\/cs\/#organization"},"potentialAction":[{"@type":"SearchAction","target":{"@type":"EntryPoint","urlTemplate":"https:\/\/aqualuxpool.eu\/cs\/?s={search_term_string}"},"query-input":{"@type":"PropertyValueSpecification","valueRequired":true,"valueName":"search_term_string"}}],"inLanguage":"cs"},{"@type":"Organization","@id":"https:\/\/aqualuxpool.eu\/cs\/#organization","name":"AQUA LUX POOL","url":"https:\/\/aqualuxpool.eu\/cs\/","logo":{"@type":"ImageObject","inLanguage":"cs","@id":"https:\/\/aqualuxpool.eu\/cs\/#\/schema\/logo\/image\/","url":"https:\/\/aqualuxpool.eu\/wp-content\/uploads\/2023\/10\/logo.png","contentUrl":"https:\/\/aqualuxpool.eu\/wp-content\/uploads\/2023\/10\/logo.png","width":1248,"height":284,"caption":"AQUA LUX POOL"},"image":{"@id":"https:\/\/aqualuxpool.eu\/cs\/#\/schema\/logo\/image\/"}}]}},"_links":{"self":[{"href":"https:\/\/aqualuxpool.eu\/cs\/wp-json\/wp\/v2\/pages\/4467","targetHints":{"allow":["GET"]}}],"collection":[{"href":"https:\/\/aqualuxpool.eu\/cs\/wp-json\/wp\/v2\/pages"}],"about":[{"href":"https:\/\/aqualuxpool.eu\/cs\/wp-json\/wp\/v2\/types\/page"}],"author":[{"embeddable":true,"href":"https:\/\/aqualuxpool.eu\/cs\/wp-json\/wp\/v2\/users\/2"}],"replies":[{"embeddable":true,"href":"https:\/\/aqualuxpool.eu\/cs\/wp-json\/wp\/v2\/comments?post=4467"}],"version-history":[{"count":1,"href":"https:\/\/aqualuxpool.eu\/cs\/wp-json\/wp\/v2\/pages\/4467\/revisions"}],"predecessor-version":[{"id":4468,"href":"https:\/\/aqualuxpool.eu\/cs\/wp-json\/wp\/v2\/pages\/4467\/revisions\/4468"}],"up":[{"embeddable":true,"href":"https:\/\/aqualuxpool.eu\/cs\/wp-json\/wp\/v2\/pages\/4457"}],"wp:attachment":[{"href":"https:\/\/aqualuxpool.eu\/cs\/wp-json\/wp\/v2\/media?parent=4467"}],"curies":[{"name":"wp","href":"https:\/\/api.w.org\/{rel}","templated":true}]}}