{"id":4463,"date":"2025-08-26T16:32:20","date_gmt":"2025-08-26T14:32:20","guid":{"rendered":"https:\/\/aqualuxpool.eu\/realizace\/realizace-nitra\/"},"modified":"2025-12-19T18:16:38","modified_gmt":"2025-12-19T17:16:38","slug":"realizace-nitra","status":"publish","type":"page","link":"https:\/\/aqualuxpool.eu\/cs\/realizace\/realizace-nitra\/","title":{"rendered":"Realizace &#8211; Nerezov\u00fd baz\u00e9n Nitra"},"content":{"rendered":"\t\t<div data-elementor-type=\"wp-page\" data-elementor-id=\"4463\" class=\"elementor elementor-4463 elementor-4217\" data-elementor-post-type=\"page\">\n\t\t\t\t<div class=\"elementor-element elementor-element-f26161a e-flex e-con-boxed e-con e-parent\" data-id=\"f26161a\" data-element_type=\"container\">\n\t\t\t\t\t<div class=\"e-con-inner\">\n\t\t\t\t<div class=\"elementor-element elementor-element-071c247 elementor-widget__width-inherit elementor-widget elementor-widget-heading\" data-id=\"071c247\" data-element_type=\"widget\" data-widget_type=\"heading.default\">\n\t\t\t\t\t<h1 class=\"elementor-heading-title elementor-size-default\">nerezov\u00fd baz\u00e9n Nitra<\/h1>\t\t\t\t<\/div>\n\t\t\t\t\t<\/div>\n\t\t\t\t<\/div>\n\t\t<div class=\"elementor-element elementor-element-fe88840 e-flex e-con-boxed e-con e-parent\" data-id=\"fe88840\" data-element_type=\"container\">\n\t\t\t\t\t<div class=\"e-con-inner\">\n\t\t\t\t<div class=\"elementor-element elementor-element-56b92a9 elementor-widget elementor-widget-gallery\" data-id=\"56b92a9\" data-element_type=\"widget\" data-settings=\"{&quot;columns&quot;:2,&quot;lazyload&quot;:&quot;yes&quot;,&quot;gallery_layout&quot;:&quot;grid&quot;,&quot;columns_tablet&quot;:2,&quot;columns_mobile&quot;:1,&quot;gap&quot;:{&quot;unit&quot;:&quot;px&quot;,&quot;size&quot;:10,&quot;sizes&quot;:[]},&quot;gap_tablet&quot;:{&quot;unit&quot;:&quot;px&quot;,&quot;size&quot;:10,&quot;sizes&quot;:[]},&quot;gap_mobile&quot;:{&quot;unit&quot;:&quot;px&quot;,&quot;size&quot;:10,&quot;sizes&quot;:[]},&quot;link_to&quot;:&quot;file&quot;,&quot;aspect_ratio&quot;:&quot;3:2&quot;,&quot;overlay_background&quot;:&quot;yes&quot;}\" data-widget_type=\"gallery.default\">\n\t\t\t\t\t\t\t<div class=\"elementor-gallery__container\">\n\t\t\t\t\t\t\t<a class=\"e-gallery-item elementor-gallery-item\" href=\"https:\/\/aqualuxpool.eu\/wp-content\/uploads\/2025\/08\/realizacia-nitra-img-3-aqualuxpool-sk.jpeg\" data-elementor-open-lightbox=\"yes\" data-elementor-lightbox-slideshow=\"56b92a9\" data-e-action-hash=\"#elementor-action%3Aaction%3Dlightbox%26settings%3DeyJpZCI6NDMwNSwidXJsIjoiaHR0cHM6XC9cL2FxdWFsdXhwb29sLmV1XC93cC1jb250ZW50XC91cGxvYWRzXC8yMDI1XC8wOFwvcmVhbGl6YWNpYS1uaXRyYS1pbWctMy1hcXVhbHV4cG9vbC1zay5qcGVnIiwic2xpZGVzaG93IjoiNTZiOTJhOSJ9\">\n\t\t\t\t\t<div class=\"e-gallery-image elementor-gallery-item__image\" data-thumbnail=\"https:\/\/aqualuxpool.eu\/wp-content\/uploads\/2025\/08\/realizacia-nitra-img-3-aqualuxpool-sk.jpeg\" data-width=\"2048\" data-height=\"2048\" aria-label=\"\" role=\"img\" ><\/div>\n\t\t\t\t\t\t\t\t\t\t\t<div class=\"elementor-gallery-item__overlay\"><\/div>\n\t\t\t\t\t\t\t\t\t\t\t\t\t\t<\/a>\n\t\t\t\t\t\t\t<a class=\"e-gallery-item elementor-gallery-item\" href=\"https:\/\/aqualuxpool.eu\/wp-content\/uploads\/2025\/08\/realizacia-nitra-img-7-aqualuxpool-sk.jpg\" data-elementor-open-lightbox=\"yes\" data-elementor-lightbox-slideshow=\"56b92a9\" data-e-action-hash=\"#elementor-action%3Aaction%3Dlightbox%26settings%3DeyJpZCI6NDQxOSwidXJsIjoiaHR0cHM6XC9cL2FxdWFsdXhwb29sLmV1XC93cC1jb250ZW50XC91cGxvYWRzXC8yMDI1XC8wOFwvcmVhbGl6YWNpYS1uaXRyYS1pbWctNy1hcXVhbHV4cG9vbC1zay5qcGciLCJzbGlkZXNob3ciOiI1NmI5MmE5In0%3D\">\n\t\t\t\t\t<div class=\"e-gallery-image elementor-gallery-item__image\" data-thumbnail=\"https:\/\/aqualuxpool.eu\/wp-content\/uploads\/2025\/08\/realizacia-nitra-img-7-aqualuxpool-sk.jpg\" data-width=\"1366\" data-height=\"2048\" aria-label=\"\" role=\"img\" ><\/div>\n\t\t\t\t\t\t\t\t\t\t\t<div class=\"elementor-gallery-item__overlay\"><\/div>\n\t\t\t\t\t\t\t\t\t\t\t\t\t\t<\/a>\n\t\t\t\t\t\t\t<a class=\"e-gallery-item elementor-gallery-item\" href=\"https:\/\/aqualuxpool.eu\/wp-content\/uploads\/2025\/08\/realizacia-nitra-img-4-aqualuxpool-sk.jpeg\" data-elementor-open-lightbox=\"yes\" data-elementor-lightbox-slideshow=\"56b92a9\" data-e-action-hash=\"#elementor-action%3Aaction%3Dlightbox%26settings%3DeyJpZCI6NDMwNywidXJsIjoiaHR0cHM6XC9cL2FxdWFsdXhwb29sLmV1XC93cC1jb250ZW50XC91cGxvYWRzXC8yMDI1XC8wOFwvcmVhbGl6YWNpYS1uaXRyYS1pbWctNC1hcXVhbHV4cG9vbC1zay5qcGVnIiwic2xpZGVzaG93IjoiNTZiOTJhOSJ9\">\n\t\t\t\t\t<div class=\"e-gallery-image elementor-gallery-item__image\" data-thumbnail=\"https:\/\/aqualuxpool.eu\/wp-content\/uploads\/2025\/08\/realizacia-nitra-img-4-aqualuxpool-sk.jpeg\" data-width=\"1366\" data-height=\"2048\" aria-label=\"\" role=\"img\" ><\/div>\n\t\t\t\t\t\t\t\t\t\t\t<div class=\"elementor-gallery-item__overlay\"><\/div>\n\t\t\t\t\t\t\t\t\t\t\t\t\t\t<\/a>\n\t\t\t\t\t\t\t<a class=\"e-gallery-item elementor-gallery-item\" href=\"https:\/\/aqualuxpool.eu\/wp-content\/uploads\/2025\/08\/realizacia-nitra-img-5-aqualuxpool-sk.jpeg\" data-elementor-open-lightbox=\"yes\" data-elementor-lightbox-slideshow=\"56b92a9\" data-e-action-hash=\"#elementor-action%3Aaction%3Dlightbox%26settings%3DeyJpZCI6NDMwOSwidXJsIjoiaHR0cHM6XC9cL2FxdWFsdXhwb29sLmV1XC93cC1jb250ZW50XC91cGxvYWRzXC8yMDI1XC8wOFwvcmVhbGl6YWNpYS1uaXRyYS1pbWctNS1hcXVhbHV4cG9vbC1zay5qcGVnIiwic2xpZGVzaG93IjoiNTZiOTJhOSJ9\">\n\t\t\t\t\t<div class=\"e-gallery-image elementor-gallery-item__image\" data-thumbnail=\"https:\/\/aqualuxpool.eu\/wp-content\/uploads\/2025\/08\/realizacia-nitra-img-5-aqualuxpool-sk.jpeg\" data-width=\"2048\" data-height=\"2048\" aria-label=\"\" role=\"img\" ><\/div>\n\t\t\t\t\t\t\t\t\t\t\t<div class=\"elementor-gallery-item__overlay\"><\/div>\n\t\t\t\t\t\t\t\t\t\t\t\t\t\t<\/a>\n\t\t\t\t\t\t\t<a class=\"e-gallery-item elementor-gallery-item\" href=\"https:\/\/aqualuxpool.eu\/wp-content\/uploads\/2025\/08\/realizacia-nitra-img-6-aqualuxpool-sk.jpeg\" data-elementor-open-lightbox=\"yes\" data-elementor-lightbox-slideshow=\"56b92a9\" data-e-action-hash=\"#elementor-action%3Aaction%3Dlightbox%26settings%3DeyJpZCI6NDMxMSwidXJsIjoiaHR0cHM6XC9cL2FxdWFsdXhwb29sLmV1XC93cC1jb250ZW50XC91cGxvYWRzXC8yMDI1XC8wOFwvcmVhbGl6YWNpYS1uaXRyYS1pbWctNi1hcXVhbHV4cG9vbC1zay5qcGVnIiwic2xpZGVzaG93IjoiNTZiOTJhOSJ9\">\n\t\t\t\t\t<div class=\"e-gallery-image elementor-gallery-item__image\" data-thumbnail=\"https:\/\/aqualuxpool.eu\/wp-content\/uploads\/2025\/08\/realizacia-nitra-img-6-aqualuxpool-sk.jpeg\" data-width=\"2048\" data-height=\"2048\" aria-label=\"\" role=\"img\" ><\/div>\n\t\t\t\t\t\t\t\t\t\t\t<div class=\"elementor-gallery-item__overlay\"><\/div>\n\t\t\t\t\t\t\t\t\t\t\t\t\t\t<\/a>\n\t\t\t\t\t\t\t<a class=\"e-gallery-item elementor-gallery-item\" href=\"https:\/\/aqualuxpool.eu\/wp-content\/uploads\/2025\/08\/realizacia-nitra-img-2-aqualuxpool-sk.jpeg\" data-elementor-open-lightbox=\"yes\" data-elementor-lightbox-slideshow=\"56b92a9\" data-e-action-hash=\"#elementor-action%3Aaction%3Dlightbox%26settings%3DeyJpZCI6NDMwMywidXJsIjoiaHR0cHM6XC9cL2FxdWFsdXhwb29sLmV1XC93cC1jb250ZW50XC91cGxvYWRzXC8yMDI1XC8wOFwvcmVhbGl6YWNpYS1uaXRyYS1pbWctMi1hcXVhbHV4cG9vbC1zay5qcGVnIiwic2xpZGVzaG93IjoiNTZiOTJhOSJ9\">\n\t\t\t\t\t<div class=\"e-gallery-image elementor-gallery-item__image\" data-thumbnail=\"https:\/\/aqualuxpool.eu\/wp-content\/uploads\/2025\/08\/realizacia-nitra-img-2-aqualuxpool-sk.jpeg\" data-width=\"2048\" data-height=\"1952\" aria-label=\"\" role=\"img\" ><\/div>\n\t\t\t\t\t\t\t\t\t\t\t<div class=\"elementor-gallery-item__overlay\"><\/div>\n\t\t\t\t\t\t\t\t\t\t\t\t\t\t<\/a>\n\t\t\t\t\t<\/div>\n\t\t\t\t\t<\/div>\n\t\t\t\t\t<\/div>\n\t\t\t\t<\/div>\n\t\t\t\t<\/div>\n\t\t","protected":false},"excerpt":{"rendered":"<p>nerezov\u00fd baz\u00e9n Nitra<\/p>\n","protected":false},"author":2,"featured_media":0,"parent":4457,"menu_order":0,"comment_status":"closed","ping_status":"closed","template":"","meta":{"footnotes":""},"class_list":["post-4463","page","type-page","status-publish","hentry"],"yoast_head":"<!-- This site is optimized with the Yoast SEO plugin v24.6 - https:\/\/yoast.com\/wordpress\/plugins\/seo\/ -->\n<title>Realizace - Nerezov\u00fd baz\u00e9n Nitra - AQUA LUX POOL<\/title>\n<meta name=\"robots\" content=\"index, follow, max-snippet:-1, max-image-preview:large, max-video-preview:-1\" \/>\n<link rel=\"canonical\" href=\"https:\/\/aqualuxpool.eu\/cs\/realizace\/realizace-nitra\/\" \/>\n<meta property=\"og:locale\" content=\"cs_CZ\" \/>\n<meta property=\"og:type\" content=\"article\" \/>\n<meta property=\"og:title\" content=\"Realizace - Nerezov\u00fd baz\u00e9n Nitra - AQUA LUX POOL\" \/>\n<meta property=\"og:description\" content=\"nerezov\u00fd baz\u00e9n Nitra\" \/>\n<meta property=\"og:url\" content=\"https:\/\/aqualuxpool.eu\/cs\/realizace\/realizace-nitra\/\" \/>\n<meta property=\"og:site_name\" content=\"AQUA LUX POOL\" \/>\n<meta property=\"article:modified_time\" content=\"2025-12-19T17:16:38+00:00\" \/>\n<meta name=\"twitter:card\" content=\"summary_large_image\" \/>\n<meta name=\"twitter:label1\" content=\"Odhadovan\u00e1 doba \u010dten\u00ed\" \/>\n\t<meta name=\"twitter:data1\" content=\"1 minuta\" \/>\n<script type=\"application\/ld+json\" class=\"yoast-schema-graph\">{\"@context\":\"https:\/\/schema.org\",\"@graph\":[{\"@type\":\"WebPage\",\"@id\":\"https:\/\/aqualuxpool.eu\/cs\/realizace\/realizace-nitra\/\",\"url\":\"https:\/\/aqualuxpool.eu\/cs\/realizace\/realizace-nitra\/\",\"name\":\"Realizace - Nerezov\u00fd baz\u00e9n Nitra - AQUA LUX POOL\",\"isPartOf\":{\"@id\":\"https:\/\/aqualuxpool.eu\/cs\/#website\"},\"datePublished\":\"2025-08-26T14:32:20+00:00\",\"dateModified\":\"2025-12-19T17:16:38+00:00\",\"breadcrumb\":{\"@id\":\"https:\/\/aqualuxpool.eu\/cs\/realizace\/realizace-nitra\/#breadcrumb\"},\"inLanguage\":\"cs\",\"potentialAction\":[{\"@type\":\"ReadAction\",\"target\":[\"https:\/\/aqualuxpool.eu\/cs\/realizace\/realizace-nitra\/\"]}]},{\"@type\":\"BreadcrumbList\",\"@id\":\"https:\/\/aqualuxpool.eu\/cs\/realizace\/realizace-nitra\/#breadcrumb\",\"itemListElement\":[{\"@type\":\"ListItem\",\"position\":1,\"name\":\"Home\",\"item\":\"https:\/\/aqualuxpool.eu\/cs\/homepage-2\/\"},{\"@type\":\"ListItem\",\"position\":2,\"name\":\"Realizace\",\"item\":\"https:\/\/aqualuxpool.eu\/cs\/realizace\/\"},{\"@type\":\"ListItem\",\"position\":3,\"name\":\"Realizace &#8211; Nerezov\u00fd baz\u00e9n Nitra\"}]},{\"@type\":\"WebSite\",\"@id\":\"https:\/\/aqualuxpool.eu\/cs\/#website\",\"url\":\"https:\/\/aqualuxpool.eu\/cs\/\",\"name\":\"AQUA LUX POOL\",\"description\":\"Luxusn\u00e9 nerezov\u00e9 baz\u00e9ny\",\"publisher\":{\"@id\":\"https:\/\/aqualuxpool.eu\/cs\/#organization\"},\"potentialAction\":[{\"@type\":\"SearchAction\",\"target\":{\"@type\":\"EntryPoint\",\"urlTemplate\":\"https:\/\/aqualuxpool.eu\/cs\/?s={search_term_string}\"},\"query-input\":{\"@type\":\"PropertyValueSpecification\",\"valueRequired\":true,\"valueName\":\"search_term_string\"}}],\"inLanguage\":\"cs\"},{\"@type\":\"Organization\",\"@id\":\"https:\/\/aqualuxpool.eu\/cs\/#organization\",\"name\":\"AQUA LUX POOL\",\"url\":\"https:\/\/aqualuxpool.eu\/cs\/\",\"logo\":{\"@type\":\"ImageObject\",\"inLanguage\":\"cs\",\"@id\":\"https:\/\/aqualuxpool.eu\/cs\/#\/schema\/logo\/image\/\",\"url\":\"https:\/\/aqualuxpool.eu\/wp-content\/uploads\/2023\/10\/logo.png\",\"contentUrl\":\"https:\/\/aqualuxpool.eu\/wp-content\/uploads\/2023\/10\/logo.png\",\"width\":1248,\"height\":284,\"caption\":\"AQUA LUX POOL\"},\"image\":{\"@id\":\"https:\/\/aqualuxpool.eu\/cs\/#\/schema\/logo\/image\/\"}}]}<\/script>\n<!-- \/ Yoast SEO plugin. -->","yoast_head_json":{"title":"Realizace - Nerezov\u00fd baz\u00e9n Nitra - AQUA LUX POOL","robots":{"index":"index","follow":"follow","max-snippet":"max-snippet:-1","max-image-preview":"max-image-preview:large","max-video-preview":"max-video-preview:-1"},"canonical":"https:\/\/aqualuxpool.eu\/cs\/realizace\/realizace-nitra\/","og_locale":"cs_CZ","og_type":"article","og_title":"Realizace - Nerezov\u00fd baz\u00e9n Nitra - AQUA LUX POOL","og_description":"nerezov\u00fd baz\u00e9n Nitra","og_url":"https:\/\/aqualuxpool.eu\/cs\/realizace\/realizace-nitra\/","og_site_name":"AQUA LUX POOL","article_modified_time":"2025-12-19T17:16:38+00:00","twitter_card":"summary_large_image","twitter_misc":{"Odhadovan\u00e1 doba \u010dten\u00ed":"1 minuta"},"schema":{"@context":"https:\/\/schema.org","@graph":[{"@type":"WebPage","@id":"https:\/\/aqualuxpool.eu\/cs\/realizace\/realizace-nitra\/","url":"https:\/\/aqualuxpool.eu\/cs\/realizace\/realizace-nitra\/","name":"Realizace - Nerezov\u00fd baz\u00e9n Nitra - AQUA LUX POOL","isPartOf":{"@id":"https:\/\/aqualuxpool.eu\/cs\/#website"},"datePublished":"2025-08-26T14:32:20+00:00","dateModified":"2025-12-19T17:16:38+00:00","breadcrumb":{"@id":"https:\/\/aqualuxpool.eu\/cs\/realizace\/realizace-nitra\/#breadcrumb"},"inLanguage":"cs","potentialAction":[{"@type":"ReadAction","target":["https:\/\/aqualuxpool.eu\/cs\/realizace\/realizace-nitra\/"]}]},{"@type":"BreadcrumbList","@id":"https:\/\/aqualuxpool.eu\/cs\/realizace\/realizace-nitra\/#breadcrumb","itemListElement":[{"@type":"ListItem","position":1,"name":"Home","item":"https:\/\/aqualuxpool.eu\/cs\/homepage-2\/"},{"@type":"ListItem","position":2,"name":"Realizace","item":"https:\/\/aqualuxpool.eu\/cs\/realizace\/"},{"@type":"ListItem","position":3,"name":"Realizace &#8211; Nerezov\u00fd baz\u00e9n Nitra"}]},{"@type":"WebSite","@id":"https:\/\/aqualuxpool.eu\/cs\/#website","url":"https:\/\/aqualuxpool.eu\/cs\/","name":"AQUA LUX POOL","description":"Luxusn\u00e9 nerezov\u00e9 baz\u00e9ny","publisher":{"@id":"https:\/\/aqualuxpool.eu\/cs\/#organization"},"potentialAction":[{"@type":"SearchAction","target":{"@type":"EntryPoint","urlTemplate":"https:\/\/aqualuxpool.eu\/cs\/?s={search_term_string}"},"query-input":{"@type":"PropertyValueSpecification","valueRequired":true,"valueName":"search_term_string"}}],"inLanguage":"cs"},{"@type":"Organization","@id":"https:\/\/aqualuxpool.eu\/cs\/#organization","name":"AQUA LUX POOL","url":"https:\/\/aqualuxpool.eu\/cs\/","logo":{"@type":"ImageObject","inLanguage":"cs","@id":"https:\/\/aqualuxpool.eu\/cs\/#\/schema\/logo\/image\/","url":"https:\/\/aqualuxpool.eu\/wp-content\/uploads\/2023\/10\/logo.png","contentUrl":"https:\/\/aqualuxpool.eu\/wp-content\/uploads\/2023\/10\/logo.png","width":1248,"height":284,"caption":"AQUA LUX POOL"},"image":{"@id":"https:\/\/aqualuxpool.eu\/cs\/#\/schema\/logo\/image\/"}}]}},"_links":{"self":[{"href":"https:\/\/aqualuxpool.eu\/cs\/wp-json\/wp\/v2\/pages\/4463","targetHints":{"allow":["GET"]}}],"collection":[{"href":"https:\/\/aqualuxpool.eu\/cs\/wp-json\/wp\/v2\/pages"}],"about":[{"href":"https:\/\/aqualuxpool.eu\/cs\/wp-json\/wp\/v2\/types\/page"}],"author":[{"embeddable":true,"href":"https:\/\/aqualuxpool.eu\/cs\/wp-json\/wp\/v2\/users\/2"}],"replies":[{"embeddable":true,"href":"https:\/\/aqualuxpool.eu\/cs\/wp-json\/wp\/v2\/comments?post=4463"}],"version-history":[{"count":6,"href":"https:\/\/aqualuxpool.eu\/cs\/wp-json\/wp\/v2\/pages\/4463\/revisions"}],"predecessor-version":[{"id":4751,"href":"https:\/\/aqualuxpool.eu\/cs\/wp-json\/wp\/v2\/pages\/4463\/revisions\/4751"}],"up":[{"embeddable":true,"href":"https:\/\/aqualuxpool.eu\/cs\/wp-json\/wp\/v2\/pages\/4457"}],"wp:attachment":[{"href":"https:\/\/aqualuxpool.eu\/cs\/wp-json\/wp\/v2\/media?parent=4463"}],"curies":[{"name":"wp","href":"https:\/\/api.w.org\/{rel}","templated":true}]}}