{"id":4461,"date":"2025-08-26T16:41:19","date_gmt":"2025-08-26T14:41:19","guid":{"rendered":"https:\/\/aqualuxpool.eu\/realizace\/realizace-bratislava\/"},"modified":"2025-09-22T13:16:42","modified_gmt":"2025-09-22T11:16:42","slug":"realizace-bratislava","status":"publish","type":"page","link":"https:\/\/aqualuxpool.eu\/cs\/realizace\/realizace-bratislava\/","title":{"rendered":"Realizace &#8211; Bratislava"},"content":{"rendered":"\t\t<div data-elementor-type=\"wp-page\" data-elementor-id=\"4461\" class=\"elementor elementor-4461 elementor-4238\" data-elementor-post-type=\"page\">\n\t\t\t\t<div class=\"elementor-element elementor-element-f26161a e-flex e-con-boxed e-con e-parent\" data-id=\"f26161a\" data-element_type=\"container\">\n\t\t\t\t\t<div class=\"e-con-inner\">\n\t\t\t\t<div class=\"elementor-element elementor-element-071c247 elementor-widget__width-inherit elementor-widget elementor-widget-heading\" data-id=\"071c247\" data-element_type=\"widget\" data-widget_type=\"heading.default\">\n\t\t\t\t\t<h1 class=\"elementor-heading-title elementor-size-default\">Bratislava<\/h1>\t\t\t\t<\/div>\n\t\t\t\t\t<\/div>\n\t\t\t\t<\/div>\n\t\t<div class=\"elementor-element elementor-element-fe88840 e-flex e-con-boxed e-con e-parent\" data-id=\"fe88840\" data-element_type=\"container\">\n\t\t\t\t\t<div class=\"e-con-inner\">\n\t\t\t\t<div class=\"elementor-element elementor-element-d73c41c showmoreimages elementor-widget elementor-widget-gallery\" data-id=\"d73c41c\" data-element_type=\"widget\" data-settings=\"{&quot;columns&quot;:2,&quot;lazyload&quot;:&quot;yes&quot;,&quot;gallery_layout&quot;:&quot;grid&quot;,&quot;columns_tablet&quot;:2,&quot;columns_mobile&quot;:1,&quot;gap&quot;:{&quot;unit&quot;:&quot;px&quot;,&quot;size&quot;:10,&quot;sizes&quot;:[]},&quot;gap_tablet&quot;:{&quot;unit&quot;:&quot;px&quot;,&quot;size&quot;:10,&quot;sizes&quot;:[]},&quot;gap_mobile&quot;:{&quot;unit&quot;:&quot;px&quot;,&quot;size&quot;:10,&quot;sizes&quot;:[]},&quot;link_to&quot;:&quot;file&quot;,&quot;aspect_ratio&quot;:&quot;3:2&quot;,&quot;overlay_background&quot;:&quot;yes&quot;}\" data-widget_type=\"gallery.default\">\n\t\t\t\t\t\t\t<div class=\"elementor-gallery__container\">\n\t\t\t\t\t\t\t<a class=\"e-gallery-item elementor-gallery-item\" href=\"https:\/\/aqualuxpool.eu\/wp-content\/uploads\/2025\/09\/realizacia-bratislava-v2-img-3-aqualuxpool-sk.jpeg\" data-elementor-open-lightbox=\"yes\" data-elementor-lightbox-slideshow=\"d73c41c\" data-e-action-hash=\"#elementor-action%3Aaction%3Dlightbox%26settings%3DeyJpZCI6NDUyMiwidXJsIjoiaHR0cHM6XC9cL2FxdWFsdXhwb29sLmV1XC93cC1jb250ZW50XC91cGxvYWRzXC8yMDI1XC8wOVwvcmVhbGl6YWNpYS1icmF0aXNsYXZhLXYyLWltZy0zLWFxdWFsdXhwb29sLXNrLmpwZWciLCJzbGlkZXNob3ciOiJkNzNjNDFjIn0%3D\">\n\t\t\t\t\t<div class=\"e-gallery-image elementor-gallery-item__image\" data-thumbnail=\"https:\/\/aqualuxpool.eu\/wp-content\/uploads\/2025\/09\/realizacia-bratislava-v2-img-3-aqualuxpool-sk.jpeg\" data-width=\"900\" data-height=\"900\" aria-label=\"\" role=\"img\" ><\/div>\n\t\t\t\t\t\t\t\t\t\t\t<div class=\"elementor-gallery-item__overlay\"><\/div>\n\t\t\t\t\t\t\t\t\t\t\t\t\t\t<\/a>\n\t\t\t\t\t\t\t<a class=\"e-gallery-item elementor-gallery-item\" href=\"https:\/\/aqualuxpool.eu\/wp-content\/uploads\/2025\/09\/realizacia-bratislava-v2-img-4-aqualuxpool-sk.jpeg\" data-elementor-open-lightbox=\"yes\" data-elementor-lightbox-slideshow=\"d73c41c\" data-e-action-hash=\"#elementor-action%3Aaction%3Dlightbox%26settings%3DeyJpZCI6NDUyNCwidXJsIjoiaHR0cHM6XC9cL2FxdWFsdXhwb29sLmV1XC93cC1jb250ZW50XC91cGxvYWRzXC8yMDI1XC8wOVwvcmVhbGl6YWNpYS1icmF0aXNsYXZhLXYyLWltZy00LWFxdWFsdXhwb29sLXNrLmpwZWciLCJzbGlkZXNob3ciOiJkNzNjNDFjIn0%3D\">\n\t\t\t\t\t<div class=\"e-gallery-image elementor-gallery-item__image\" data-thumbnail=\"https:\/\/aqualuxpool.eu\/wp-content\/uploads\/2025\/09\/realizacia-bratislava-v2-img-4-aqualuxpool-sk.jpeg\" data-width=\"900\" data-height=\"900\" aria-label=\"\" role=\"img\" ><\/div>\n\t\t\t\t\t\t\t\t\t\t\t<div class=\"elementor-gallery-item__overlay\"><\/div>\n\t\t\t\t\t\t\t\t\t\t\t\t\t\t<\/a>\n\t\t\t\t\t\t\t<a class=\"e-gallery-item elementor-gallery-item\" href=\"https:\/\/aqualuxpool.eu\/wp-content\/uploads\/2025\/09\/realizacia-bratislava-v2-img-5-aqualuxpool-sk.jpeg\" data-elementor-open-lightbox=\"yes\" data-elementor-lightbox-slideshow=\"d73c41c\" data-e-action-hash=\"#elementor-action%3Aaction%3Dlightbox%26settings%3DeyJpZCI6NDUyNiwidXJsIjoiaHR0cHM6XC9cL2FxdWFsdXhwb29sLmV1XC93cC1jb250ZW50XC91cGxvYWRzXC8yMDI1XC8wOVwvcmVhbGl6YWNpYS1icmF0aXNsYXZhLXYyLWltZy01LWFxdWFsdXhwb29sLXNrLmpwZWciLCJzbGlkZXNob3ciOiJkNzNjNDFjIn0%3D\">\n\t\t\t\t\t<div class=\"e-gallery-image elementor-gallery-item__image\" data-thumbnail=\"https:\/\/aqualuxpool.eu\/wp-content\/uploads\/2025\/09\/realizacia-bratislava-v2-img-5-aqualuxpool-sk.jpeg\" data-width=\"900\" data-height=\"900\" aria-label=\"\" role=\"img\" ><\/div>\n\t\t\t\t\t\t\t\t\t\t\t<div class=\"elementor-gallery-item__overlay\"><\/div>\n\t\t\t\t\t\t\t\t\t\t\t\t\t\t<\/a>\n\t\t\t\t\t\t\t<a class=\"e-gallery-item elementor-gallery-item\" href=\"https:\/\/aqualuxpool.eu\/wp-content\/uploads\/2025\/09\/realizacia-bratislava-v2-img-6-aqualuxpool-sk.jpeg\" data-elementor-open-lightbox=\"yes\" data-elementor-lightbox-slideshow=\"d73c41c\" data-e-action-hash=\"#elementor-action%3Aaction%3Dlightbox%26settings%3DeyJpZCI6NDUyOCwidXJsIjoiaHR0cHM6XC9cL2FxdWFsdXhwb29sLmV1XC93cC1jb250ZW50XC91cGxvYWRzXC8yMDI1XC8wOVwvcmVhbGl6YWNpYS1icmF0aXNsYXZhLXYyLWltZy02LWFxdWFsdXhwb29sLXNrLmpwZWciLCJzbGlkZXNob3ciOiJkNzNjNDFjIn0%3D\">\n\t\t\t\t\t<div class=\"e-gallery-image elementor-gallery-item__image\" data-thumbnail=\"https:\/\/aqualuxpool.eu\/wp-content\/uploads\/2025\/09\/realizacia-bratislava-v2-img-6-aqualuxpool-sk.jpeg\" data-width=\"900\" data-height=\"900\" aria-label=\"\" role=\"img\" ><\/div>\n\t\t\t\t\t\t\t\t\t\t\t<div class=\"elementor-gallery-item__overlay\"><\/div>\n\t\t\t\t\t\t\t\t\t\t\t\t\t\t<\/a>\n\t\t\t\t\t\t\t<a class=\"e-gallery-item elementor-gallery-item\" href=\"https:\/\/aqualuxpool.eu\/wp-content\/uploads\/2025\/09\/realizacia-bratislava-v2-img-7-aqualuxpool-sk.jpeg\" data-elementor-open-lightbox=\"yes\" data-elementor-lightbox-slideshow=\"d73c41c\" data-e-action-hash=\"#elementor-action%3Aaction%3Dlightbox%26settings%3DeyJpZCI6NDUzMCwidXJsIjoiaHR0cHM6XC9cL2FxdWFsdXhwb29sLmV1XC93cC1jb250ZW50XC91cGxvYWRzXC8yMDI1XC8wOVwvcmVhbGl6YWNpYS1icmF0aXNsYXZhLXYyLWltZy03LWFxdWFsdXhwb29sLXNrLmpwZWciLCJzbGlkZXNob3ciOiJkNzNjNDFjIn0%3D\">\n\t\t\t\t\t<div class=\"e-gallery-image elementor-gallery-item__image\" data-thumbnail=\"https:\/\/aqualuxpool.eu\/wp-content\/uploads\/2025\/09\/realizacia-bratislava-v2-img-7-aqualuxpool-sk.jpeg\" data-width=\"900\" data-height=\"900\" aria-label=\"\" role=\"img\" ><\/div>\n\t\t\t\t\t\t\t\t\t\t\t<div class=\"elementor-gallery-item__overlay\"><\/div>\n\t\t\t\t\t\t\t\t\t\t\t\t\t\t<\/a>\n\t\t\t\t\t\t\t<a class=\"e-gallery-item elementor-gallery-item\" href=\"https:\/\/aqualuxpool.eu\/wp-content\/uploads\/2025\/09\/realizacia-bratislava-v2-img-9-aqualuxpool-sk.jpeg\" data-elementor-open-lightbox=\"yes\" data-elementor-lightbox-slideshow=\"d73c41c\" data-e-action-hash=\"#elementor-action%3Aaction%3Dlightbox%26settings%3DeyJpZCI6NDUzNCwidXJsIjoiaHR0cHM6XC9cL2FxdWFsdXhwb29sLmV1XC93cC1jb250ZW50XC91cGxvYWRzXC8yMDI1XC8wOVwvcmVhbGl6YWNpYS1icmF0aXNsYXZhLXYyLWltZy05LWFxdWFsdXhwb29sLXNrLmpwZWciLCJzbGlkZXNob3ciOiJkNzNjNDFjIn0%3D\">\n\t\t\t\t\t<div class=\"e-gallery-image elementor-gallery-item__image\" data-thumbnail=\"https:\/\/aqualuxpool.eu\/wp-content\/uploads\/2025\/09\/realizacia-bratislava-v2-img-9-aqualuxpool-sk.jpeg\" data-width=\"900\" data-height=\"900\" aria-label=\"\" role=\"img\" ><\/div>\n\t\t\t\t\t\t\t\t\t\t\t<div class=\"elementor-gallery-item__overlay\"><\/div>\n\t\t\t\t\t\t\t\t\t\t\t\t\t\t<\/a>\n\t\t\t\t\t\t\t<a class=\"e-gallery-item elementor-gallery-item\" href=\"https:\/\/aqualuxpool.eu\/wp-content\/uploads\/2025\/09\/realizacia-bratislava-v2-img-1-aqualuxpool-sk.jpeg\" data-elementor-open-lightbox=\"yes\" data-elementor-lightbox-slideshow=\"d73c41c\" data-e-action-hash=\"#elementor-action%3Aaction%3Dlightbox%26settings%3DeyJpZCI6NDUxOCwidXJsIjoiaHR0cHM6XC9cL2FxdWFsdXhwb29sLmV1XC93cC1jb250ZW50XC91cGxvYWRzXC8yMDI1XC8wOVwvcmVhbGl6YWNpYS1icmF0aXNsYXZhLXYyLWltZy0xLWFxdWFsdXhwb29sLXNrLmpwZWciLCJzbGlkZXNob3ciOiJkNzNjNDFjIn0%3D\">\n\t\t\t\t\t<div class=\"e-gallery-image elementor-gallery-item__image\" data-thumbnail=\"https:\/\/aqualuxpool.eu\/wp-content\/uploads\/2025\/09\/realizacia-bratislava-v2-img-1-aqualuxpool-sk.jpeg\" data-width=\"900\" data-height=\"900\" aria-label=\"\" role=\"img\" ><\/div>\n\t\t\t\t\t\t\t\t\t\t\t<div class=\"elementor-gallery-item__overlay\"><\/div>\n\t\t\t\t\t\t\t\t\t\t\t\t\t\t<\/a>\n\t\t\t\t\t\t\t<a class=\"e-gallery-item elementor-gallery-item\" href=\"https:\/\/aqualuxpool.eu\/wp-content\/uploads\/2025\/09\/realizacia-bratislava-v2-img-2-aqualuxpool-sk.jpeg\" data-elementor-open-lightbox=\"yes\" data-elementor-lightbox-slideshow=\"d73c41c\" data-e-action-hash=\"#elementor-action%3Aaction%3Dlightbox%26settings%3DeyJpZCI6NDUyMCwidXJsIjoiaHR0cHM6XC9cL2FxdWFsdXhwb29sLmV1XC93cC1jb250ZW50XC91cGxvYWRzXC8yMDI1XC8wOVwvcmVhbGl6YWNpYS1icmF0aXNsYXZhLXYyLWltZy0yLWFxdWFsdXhwb29sLXNrLmpwZWciLCJzbGlkZXNob3ciOiJkNzNjNDFjIn0%3D\">\n\t\t\t\t\t<div class=\"e-gallery-image elementor-gallery-item__image\" data-thumbnail=\"https:\/\/aqualuxpool.eu\/wp-content\/uploads\/2025\/09\/realizacia-bratislava-v2-img-2-aqualuxpool-sk.jpeg\" data-width=\"900\" data-height=\"900\" aria-label=\"\" role=\"img\" ><\/div>\n\t\t\t\t\t\t\t\t\t\t\t<div class=\"elementor-gallery-item__overlay\"><\/div>\n\t\t\t\t\t\t\t\t\t\t\t\t\t\t<\/a>\n\t\t\t\t\t<\/div>\n\t\t\t\t\t<\/div>\n\t\t\t\t<div class=\"elementor-element elementor-element-a943142 elementor-hidden-desktop elementor-hidden-tablet elementor-hidden-mobile elementor-widget elementor-widget-video\" data-id=\"a943142\" data-element_type=\"widget\" data-settings=\"{&quot;youtube_url&quot;:&quot;https:\\\/\\\/www.youtube.com\\\/watch?v=LfemEQYVSGk&quot;,&quot;mute&quot;:&quot;yes&quot;,&quot;loop&quot;:&quot;yes&quot;,&quot;lazy_load&quot;:&quot;yes&quot;,&quot;video_type&quot;:&quot;youtube&quot;,&quot;controls&quot;:&quot;yes&quot;}\" data-widget_type=\"video.default\">\n\t\t\t\t\t\t\t<div class=\"elementor-wrapper elementor-open-inline\">\n\t\t\t<div class=\"elementor-video\"><\/div>\t\t<\/div>\n\t\t\t\t\t\t<\/div>\n\t\t\t\t\t<\/div>\n\t\t\t\t<\/div>\n\t\t\t\t<\/div>\n\t\t","protected":false},"excerpt":{"rendered":"<p>Bratislava<\/p>\n","protected":false},"author":2,"featured_media":0,"parent":4457,"menu_order":0,"comment_status":"closed","ping_status":"closed","template":"","meta":{"footnotes":""},"class_list":["post-4461","page","type-page","status-publish","hentry"],"yoast_head":"<!-- This site is optimized with the Yoast SEO plugin v24.6 - https:\/\/yoast.com\/wordpress\/plugins\/seo\/ -->\n<title>Realizace - Bratislava - AQUA LUX POOL<\/title>\n<meta name=\"robots\" content=\"index, follow, max-snippet:-1, max-image-preview:large, max-video-preview:-1\" \/>\n<link rel=\"canonical\" href=\"https:\/\/aqualuxpool.eu\/cs\/realizace\/realizace-bratislava\/\" \/>\n<meta property=\"og:locale\" content=\"cs_CZ\" \/>\n<meta property=\"og:type\" content=\"article\" \/>\n<meta property=\"og:title\" content=\"Realizace - Bratislava - AQUA LUX POOL\" \/>\n<meta property=\"og:description\" content=\"Bratislava\" \/>\n<meta property=\"og:url\" content=\"https:\/\/aqualuxpool.eu\/cs\/realizace\/realizace-bratislava\/\" \/>\n<meta property=\"og:site_name\" content=\"AQUA LUX POOL\" \/>\n<meta property=\"article:modified_time\" content=\"2025-09-22T11:16:42+00:00\" \/>\n<meta name=\"twitter:card\" content=\"summary_large_image\" \/>\n<script type=\"application\/ld+json\" class=\"yoast-schema-graph\">{\"@context\":\"https:\/\/schema.org\",\"@graph\":[{\"@type\":\"WebPage\",\"@id\":\"https:\/\/aqualuxpool.eu\/cs\/realizace\/realizace-bratislava\/\",\"url\":\"https:\/\/aqualuxpool.eu\/cs\/realizace\/realizace-bratislava\/\",\"name\":\"Realizace - Bratislava - AQUA LUX POOL\",\"isPartOf\":{\"@id\":\"https:\/\/aqualuxpool.eu\/cs\/#website\"},\"datePublished\":\"2025-08-26T14:41:19+00:00\",\"dateModified\":\"2025-09-22T11:16:42+00:00\",\"breadcrumb\":{\"@id\":\"https:\/\/aqualuxpool.eu\/cs\/realizace\/realizace-bratislava\/#breadcrumb\"},\"inLanguage\":\"cs\",\"potentialAction\":[{\"@type\":\"ReadAction\",\"target\":[\"https:\/\/aqualuxpool.eu\/cs\/realizace\/realizace-bratislava\/\"]}]},{\"@type\":\"BreadcrumbList\",\"@id\":\"https:\/\/aqualuxpool.eu\/cs\/realizace\/realizace-bratislava\/#breadcrumb\",\"itemListElement\":[{\"@type\":\"ListItem\",\"position\":1,\"name\":\"Home\",\"item\":\"https:\/\/aqualuxpool.eu\/cs\/homepage-2\/\"},{\"@type\":\"ListItem\",\"position\":2,\"name\":\"Realizace\",\"item\":\"https:\/\/aqualuxpool.eu\/cs\/realizace\/\"},{\"@type\":\"ListItem\",\"position\":3,\"name\":\"Realizace &#8211; Bratislava\"}]},{\"@type\":\"WebSite\",\"@id\":\"https:\/\/aqualuxpool.eu\/cs\/#website\",\"url\":\"https:\/\/aqualuxpool.eu\/cs\/\",\"name\":\"AQUA LUX POOL\",\"description\":\"Luxusn\u00e9 nerezov\u00e9 baz\u00e9ny\",\"publisher\":{\"@id\":\"https:\/\/aqualuxpool.eu\/cs\/#organization\"},\"potentialAction\":[{\"@type\":\"SearchAction\",\"target\":{\"@type\":\"EntryPoint\",\"urlTemplate\":\"https:\/\/aqualuxpool.eu\/cs\/?s={search_term_string}\"},\"query-input\":{\"@type\":\"PropertyValueSpecification\",\"valueRequired\":true,\"valueName\":\"search_term_string\"}}],\"inLanguage\":\"cs\"},{\"@type\":\"Organization\",\"@id\":\"https:\/\/aqualuxpool.eu\/cs\/#organization\",\"name\":\"AQUA LUX POOL\",\"url\":\"https:\/\/aqualuxpool.eu\/cs\/\",\"logo\":{\"@type\":\"ImageObject\",\"inLanguage\":\"cs\",\"@id\":\"https:\/\/aqualuxpool.eu\/cs\/#\/schema\/logo\/image\/\",\"url\":\"https:\/\/aqualuxpool.eu\/wp-content\/uploads\/2023\/10\/logo.png\",\"contentUrl\":\"https:\/\/aqualuxpool.eu\/wp-content\/uploads\/2023\/10\/logo.png\",\"width\":1248,\"height\":284,\"caption\":\"AQUA LUX POOL\"},\"image\":{\"@id\":\"https:\/\/aqualuxpool.eu\/cs\/#\/schema\/logo\/image\/\"}}]}<\/script>\n<!-- \/ Yoast SEO plugin. -->","yoast_head_json":{"title":"Realizace - Bratislava - AQUA LUX POOL","robots":{"index":"index","follow":"follow","max-snippet":"max-snippet:-1","max-image-preview":"max-image-preview:large","max-video-preview":"max-video-preview:-1"},"canonical":"https:\/\/aqualuxpool.eu\/cs\/realizace\/realizace-bratislava\/","og_locale":"cs_CZ","og_type":"article","og_title":"Realizace - Bratislava - AQUA LUX POOL","og_description":"Bratislava","og_url":"https:\/\/aqualuxpool.eu\/cs\/realizace\/realizace-bratislava\/","og_site_name":"AQUA LUX POOL","article_modified_time":"2025-09-22T11:16:42+00:00","twitter_card":"summary_large_image","schema":{"@context":"https:\/\/schema.org","@graph":[{"@type":"WebPage","@id":"https:\/\/aqualuxpool.eu\/cs\/realizace\/realizace-bratislava\/","url":"https:\/\/aqualuxpool.eu\/cs\/realizace\/realizace-bratislava\/","name":"Realizace - Bratislava - AQUA LUX POOL","isPartOf":{"@id":"https:\/\/aqualuxpool.eu\/cs\/#website"},"datePublished":"2025-08-26T14:41:19+00:00","dateModified":"2025-09-22T11:16:42+00:00","breadcrumb":{"@id":"https:\/\/aqualuxpool.eu\/cs\/realizace\/realizace-bratislava\/#breadcrumb"},"inLanguage":"cs","potentialAction":[{"@type":"ReadAction","target":["https:\/\/aqualuxpool.eu\/cs\/realizace\/realizace-bratislava\/"]}]},{"@type":"BreadcrumbList","@id":"https:\/\/aqualuxpool.eu\/cs\/realizace\/realizace-bratislava\/#breadcrumb","itemListElement":[{"@type":"ListItem","position":1,"name":"Home","item":"https:\/\/aqualuxpool.eu\/cs\/homepage-2\/"},{"@type":"ListItem","position":2,"name":"Realizace","item":"https:\/\/aqualuxpool.eu\/cs\/realizace\/"},{"@type":"ListItem","position":3,"name":"Realizace &#8211; Bratislava"}]},{"@type":"WebSite","@id":"https:\/\/aqualuxpool.eu\/cs\/#website","url":"https:\/\/aqualuxpool.eu\/cs\/","name":"AQUA LUX POOL","description":"Luxusn\u00e9 nerezov\u00e9 baz\u00e9ny","publisher":{"@id":"https:\/\/aqualuxpool.eu\/cs\/#organization"},"potentialAction":[{"@type":"SearchAction","target":{"@type":"EntryPoint","urlTemplate":"https:\/\/aqualuxpool.eu\/cs\/?s={search_term_string}"},"query-input":{"@type":"PropertyValueSpecification","valueRequired":true,"valueName":"search_term_string"}}],"inLanguage":"cs"},{"@type":"Organization","@id":"https:\/\/aqualuxpool.eu\/cs\/#organization","name":"AQUA LUX POOL","url":"https:\/\/aqualuxpool.eu\/cs\/","logo":{"@type":"ImageObject","inLanguage":"cs","@id":"https:\/\/aqualuxpool.eu\/cs\/#\/schema\/logo\/image\/","url":"https:\/\/aqualuxpool.eu\/wp-content\/uploads\/2023\/10\/logo.png","contentUrl":"https:\/\/aqualuxpool.eu\/wp-content\/uploads\/2023\/10\/logo.png","width":1248,"height":284,"caption":"AQUA LUX POOL"},"image":{"@id":"https:\/\/aqualuxpool.eu\/cs\/#\/schema\/logo\/image\/"}}]}},"_links":{"self":[{"href":"https:\/\/aqualuxpool.eu\/cs\/wp-json\/wp\/v2\/pages\/4461","targetHints":{"allow":["GET"]}}],"collection":[{"href":"https:\/\/aqualuxpool.eu\/cs\/wp-json\/wp\/v2\/pages"}],"about":[{"href":"https:\/\/aqualuxpool.eu\/cs\/wp-json\/wp\/v2\/types\/page"}],"author":[{"embeddable":true,"href":"https:\/\/aqualuxpool.eu\/cs\/wp-json\/wp\/v2\/users\/2"}],"replies":[{"embeddable":true,"href":"https:\/\/aqualuxpool.eu\/cs\/wp-json\/wp\/v2\/comments?post=4461"}],"version-history":[{"count":5,"href":"https:\/\/aqualuxpool.eu\/cs\/wp-json\/wp\/v2\/pages\/4461\/revisions"}],"predecessor-version":[{"id":4575,"href":"https:\/\/aqualuxpool.eu\/cs\/wp-json\/wp\/v2\/pages\/4461\/revisions\/4575"}],"up":[{"embeddable":true,"href":"https:\/\/aqualuxpool.eu\/cs\/wp-json\/wp\/v2\/pages\/4457"}],"wp:attachment":[{"href":"https:\/\/aqualuxpool.eu\/cs\/wp-json\/wp\/v2\/media?parent=4461"}],"curies":[{"name":"wp","href":"https:\/\/api.w.org\/{rel}","templated":true}]}}