{"id":3851,"date":"2025-03-12T09:06:34","date_gmt":"2025-03-12T08:06:34","guid":{"rendered":"https:\/\/www.aqualuxpool.eu\/dekovaci-stranka-kontaktni-formular\/"},"modified":"2025-12-19T18:21:06","modified_gmt":"2025-12-19T17:21:06","slug":"dekovaci-stranka-kontaktni-formular","status":"publish","type":"page","link":"https:\/\/aqualuxpool.eu\/cs\/dekovaci-stranka-kontaktni-formular\/","title":{"rendered":"D\u011bkovac\u00ed str\u00e1nka Kontaktn\u00ed formul\u00e1\u0159"},"content":{"rendered":"\t\t<div data-elementor-type=\"wp-page\" data-elementor-id=\"3851\" class=\"elementor elementor-3851 elementor-3161\" data-elementor-post-type=\"page\">\n\t\t\t\t<div class=\"elementor-element elementor-element-b13b790 e-flex e-con-boxed e-con e-parent\" data-id=\"b13b790\" data-element_type=\"container\">\n\t\t\t\t\t<div class=\"e-con-inner\">\n\t\t\t\t<div class=\"elementor-element elementor-element-e003248 elementor-widget__width-inherit elementor-widget elementor-widget-heading\" data-id=\"e003248\" data-element_type=\"widget\" data-widget_type=\"heading.default\">\n\t\t\t\t\t<h1 class=\"elementor-heading-title elementor-size-default\">D\u011bkujeme <\/h1>\t\t\t\t<\/div>\n\t\t\t\t<div class=\"elementor-element elementor-element-30f998c elementor-widget__width-inherit elementor-widget elementor-widget-heading\" data-id=\"30f998c\" data-element_type=\"widget\" data-widget_type=\"heading.default\">\n\t\t\t\t\t<h3 class=\"elementor-heading-title elementor-size-default\">za v\u00e1\u0161 z\u00e1jem<\/h3>\t\t\t\t<\/div>\n\t\t\t\t<div class=\"elementor-element elementor-element-0cab05b elementor-widget__width-inherit elementor-widget elementor-widget-heading\" data-id=\"0cab05b\" data-element_type=\"widget\" data-widget_type=\"heading.default\">\n\t\t\t\t\t<h3 class=\"elementor-heading-title elementor-size-default\">Budeme v\u00e1s kontaktovat v Co nejkrat\u0161\u00edm \u010dase<\/h3>\t\t\t\t<\/div>\n\t\t\t\t\t<\/div>\n\t\t\t\t<\/div>\n\t\t\t\t<\/div>\n\t\t","protected":false},"excerpt":{"rendered":"<p>D\u011bkujeme za v\u00e1\u0161 z\u00e1jem Budeme v\u00e1s kontaktovat v Co nejkrat\u0161\u00edm \u010dase<\/p>\n","protected":false},"author":1,"featured_media":0,"parent":0,"menu_order":0,"comment_status":"closed","ping_status":"closed","template":"","meta":{"footnotes":""},"class_list":["post-3851","page","type-page","status-publish","hentry"],"yoast_head":"<!-- This site is optimized with the Yoast SEO plugin v24.6 - https:\/\/yoast.com\/wordpress\/plugins\/seo\/ -->\n<title>D\u011bkovac\u00ed str\u00e1nka Kontaktn\u00ed formul\u00e1\u0159 - AQUA LUX POOL<\/title>\n<meta name=\"robots\" content=\"index, follow, max-snippet:-1, max-image-preview:large, max-video-preview:-1\" \/>\n<link rel=\"canonical\" href=\"https:\/\/aqualuxpool.eu\/cs\/dekovaci-stranka-kontaktni-formular\/\" \/>\n<meta property=\"og:locale\" content=\"cs_CZ\" \/>\n<meta property=\"og:type\" content=\"article\" \/>\n<meta property=\"og:title\" content=\"D\u011bkovac\u00ed str\u00e1nka Kontaktn\u00ed formul\u00e1\u0159 - AQUA LUX POOL\" \/>\n<meta property=\"og:description\" content=\"D\u011bkujeme za v\u00e1\u0161 z\u00e1jem Budeme v\u00e1s kontaktovat v Co nejkrat\u0161\u00edm \u010dase\" \/>\n<meta property=\"og:url\" content=\"https:\/\/aqualuxpool.eu\/cs\/dekovaci-stranka-kontaktni-formular\/\" \/>\n<meta property=\"og:site_name\" content=\"AQUA LUX POOL\" \/>\n<meta property=\"article:modified_time\" content=\"2025-12-19T17:21:06+00:00\" \/>\n<meta name=\"twitter:card\" content=\"summary_large_image\" \/>\n<script type=\"application\/ld+json\" class=\"yoast-schema-graph\">{\"@context\":\"https:\/\/schema.org\",\"@graph\":[{\"@type\":\"WebPage\",\"@id\":\"https:\/\/aqualuxpool.eu\/cs\/dekovaci-stranka-kontaktni-formular\/\",\"url\":\"https:\/\/aqualuxpool.eu\/cs\/dekovaci-stranka-kontaktni-formular\/\",\"name\":\"D\u011bkovac\u00ed str\u00e1nka Kontaktn\u00ed formul\u00e1\u0159 - AQUA LUX POOL\",\"isPartOf\":{\"@id\":\"https:\/\/aqualuxpool.eu\/cs\/#website\"},\"datePublished\":\"2025-03-12T08:06:34+00:00\",\"dateModified\":\"2025-12-19T17:21:06+00:00\",\"breadcrumb\":{\"@id\":\"https:\/\/aqualuxpool.eu\/cs\/dekovaci-stranka-kontaktni-formular\/#breadcrumb\"},\"inLanguage\":\"cs\",\"potentialAction\":[{\"@type\":\"ReadAction\",\"target\":[\"https:\/\/aqualuxpool.eu\/cs\/dekovaci-stranka-kontaktni-formular\/\"]}]},{\"@type\":\"BreadcrumbList\",\"@id\":\"https:\/\/aqualuxpool.eu\/cs\/dekovaci-stranka-kontaktni-formular\/#breadcrumb\",\"itemListElement\":[{\"@type\":\"ListItem\",\"position\":1,\"name\":\"Home\",\"item\":\"https:\/\/aqualuxpool.eu\/cs\/homepage-2\/\"},{\"@type\":\"ListItem\",\"position\":2,\"name\":\"D\u011bkovac\u00ed str\u00e1nka Kontaktn\u00ed formul\u00e1\u0159\"}]},{\"@type\":\"WebSite\",\"@id\":\"https:\/\/aqualuxpool.eu\/cs\/#website\",\"url\":\"https:\/\/aqualuxpool.eu\/cs\/\",\"name\":\"AQUA LUX POOL\",\"description\":\"Luxusn\u00e9 nerezov\u00e9 baz\u00e9ny\",\"publisher\":{\"@id\":\"https:\/\/aqualuxpool.eu\/cs\/#organization\"},\"potentialAction\":[{\"@type\":\"SearchAction\",\"target\":{\"@type\":\"EntryPoint\",\"urlTemplate\":\"https:\/\/aqualuxpool.eu\/cs\/?s={search_term_string}\"},\"query-input\":{\"@type\":\"PropertyValueSpecification\",\"valueRequired\":true,\"valueName\":\"search_term_string\"}}],\"inLanguage\":\"cs\"},{\"@type\":\"Organization\",\"@id\":\"https:\/\/aqualuxpool.eu\/cs\/#organization\",\"name\":\"AQUA LUX POOL\",\"url\":\"https:\/\/aqualuxpool.eu\/cs\/\",\"logo\":{\"@type\":\"ImageObject\",\"inLanguage\":\"cs\",\"@id\":\"https:\/\/aqualuxpool.eu\/cs\/#\/schema\/logo\/image\/\",\"url\":\"https:\/\/aqualuxpool.eu\/wp-content\/uploads\/2023\/10\/logo.png\",\"contentUrl\":\"https:\/\/aqualuxpool.eu\/wp-content\/uploads\/2023\/10\/logo.png\",\"width\":1248,\"height\":284,\"caption\":\"AQUA LUX POOL\"},\"image\":{\"@id\":\"https:\/\/aqualuxpool.eu\/cs\/#\/schema\/logo\/image\/\"}}]}<\/script>\n<!-- \/ Yoast SEO plugin. -->","yoast_head_json":{"title":"D\u011bkovac\u00ed str\u00e1nka Kontaktn\u00ed formul\u00e1\u0159 - AQUA LUX POOL","robots":{"index":"index","follow":"follow","max-snippet":"max-snippet:-1","max-image-preview":"max-image-preview:large","max-video-preview":"max-video-preview:-1"},"canonical":"https:\/\/aqualuxpool.eu\/cs\/dekovaci-stranka-kontaktni-formular\/","og_locale":"cs_CZ","og_type":"article","og_title":"D\u011bkovac\u00ed str\u00e1nka Kontaktn\u00ed formul\u00e1\u0159 - AQUA LUX POOL","og_description":"D\u011bkujeme za v\u00e1\u0161 z\u00e1jem Budeme v\u00e1s kontaktovat v Co nejkrat\u0161\u00edm \u010dase","og_url":"https:\/\/aqualuxpool.eu\/cs\/dekovaci-stranka-kontaktni-formular\/","og_site_name":"AQUA LUX POOL","article_modified_time":"2025-12-19T17:21:06+00:00","twitter_card":"summary_large_image","schema":{"@context":"https:\/\/schema.org","@graph":[{"@type":"WebPage","@id":"https:\/\/aqualuxpool.eu\/cs\/dekovaci-stranka-kontaktni-formular\/","url":"https:\/\/aqualuxpool.eu\/cs\/dekovaci-stranka-kontaktni-formular\/","name":"D\u011bkovac\u00ed str\u00e1nka Kontaktn\u00ed formul\u00e1\u0159 - AQUA LUX POOL","isPartOf":{"@id":"https:\/\/aqualuxpool.eu\/cs\/#website"},"datePublished":"2025-03-12T08:06:34+00:00","dateModified":"2025-12-19T17:21:06+00:00","breadcrumb":{"@id":"https:\/\/aqualuxpool.eu\/cs\/dekovaci-stranka-kontaktni-formular\/#breadcrumb"},"inLanguage":"cs","potentialAction":[{"@type":"ReadAction","target":["https:\/\/aqualuxpool.eu\/cs\/dekovaci-stranka-kontaktni-formular\/"]}]},{"@type":"BreadcrumbList","@id":"https:\/\/aqualuxpool.eu\/cs\/dekovaci-stranka-kontaktni-formular\/#breadcrumb","itemListElement":[{"@type":"ListItem","position":1,"name":"Home","item":"https:\/\/aqualuxpool.eu\/cs\/homepage-2\/"},{"@type":"ListItem","position":2,"name":"D\u011bkovac\u00ed str\u00e1nka Kontaktn\u00ed formul\u00e1\u0159"}]},{"@type":"WebSite","@id":"https:\/\/aqualuxpool.eu\/cs\/#website","url":"https:\/\/aqualuxpool.eu\/cs\/","name":"AQUA LUX POOL","description":"Luxusn\u00e9 nerezov\u00e9 baz\u00e9ny","publisher":{"@id":"https:\/\/aqualuxpool.eu\/cs\/#organization"},"potentialAction":[{"@type":"SearchAction","target":{"@type":"EntryPoint","urlTemplate":"https:\/\/aqualuxpool.eu\/cs\/?s={search_term_string}"},"query-input":{"@type":"PropertyValueSpecification","valueRequired":true,"valueName":"search_term_string"}}],"inLanguage":"cs"},{"@type":"Organization","@id":"https:\/\/aqualuxpool.eu\/cs\/#organization","name":"AQUA LUX POOL","url":"https:\/\/aqualuxpool.eu\/cs\/","logo":{"@type":"ImageObject","inLanguage":"cs","@id":"https:\/\/aqualuxpool.eu\/cs\/#\/schema\/logo\/image\/","url":"https:\/\/aqualuxpool.eu\/wp-content\/uploads\/2023\/10\/logo.png","contentUrl":"https:\/\/aqualuxpool.eu\/wp-content\/uploads\/2023\/10\/logo.png","width":1248,"height":284,"caption":"AQUA LUX POOL"},"image":{"@id":"https:\/\/aqualuxpool.eu\/cs\/#\/schema\/logo\/image\/"}}]}},"_links":{"self":[{"href":"https:\/\/aqualuxpool.eu\/cs\/wp-json\/wp\/v2\/pages\/3851","targetHints":{"allow":["GET"]}}],"collection":[{"href":"https:\/\/aqualuxpool.eu\/cs\/wp-json\/wp\/v2\/pages"}],"about":[{"href":"https:\/\/aqualuxpool.eu\/cs\/wp-json\/wp\/v2\/types\/page"}],"author":[{"embeddable":true,"href":"https:\/\/aqualuxpool.eu\/cs\/wp-json\/wp\/v2\/users\/1"}],"replies":[{"embeddable":true,"href":"https:\/\/aqualuxpool.eu\/cs\/wp-json\/wp\/v2\/comments?post=3851"}],"version-history":[{"count":3,"href":"https:\/\/aqualuxpool.eu\/cs\/wp-json\/wp\/v2\/pages\/3851\/revisions"}],"predecessor-version":[{"id":4755,"href":"https:\/\/aqualuxpool.eu\/cs\/wp-json\/wp\/v2\/pages\/3851\/revisions\/4755"}],"wp:attachment":[{"href":"https:\/\/aqualuxpool.eu\/cs\/wp-json\/wp\/v2\/media?parent=3851"}],"curies":[{"name":"wp","href":"https:\/\/api.w.org\/{rel}","templated":true}]}}