{"id":3799,"date":"2025-03-22T11:35:22","date_gmt":"2025-03-22T10:35:22","guid":{"rendered":"https:\/\/www.aqualuxpool.eu\/sauny\/"},"modified":"2025-04-17T14:12:11","modified_gmt":"2025-04-17T12:12:11","slug":"sauny","status":"publish","type":"page","link":"https:\/\/aqualuxpool.eu\/cs\/sauny\/","title":{"rendered":"Sauny"},"content":{"rendered":"\t\t<div data-elementor-type=\"wp-page\" data-elementor-id=\"3799\" class=\"elementor elementor-3799 elementor-3460\" data-elementor-post-type=\"page\">\n\t\t\t\t<div class=\"elementor-element elementor-element-f26161a e-flex e-con-boxed e-con e-parent\" data-id=\"f26161a\" data-element_type=\"container\">\n\t\t\t\t\t<div class=\"e-con-inner\">\n\t\t\t\t<div class=\"elementor-element elementor-element-071c247 elementor-widget__width-inherit elementor-widget elementor-widget-heading\" data-id=\"071c247\" data-element_type=\"widget\" data-widget_type=\"heading.default\">\n\t\t\t\t\t<h1 class=\"elementor-heading-title elementor-size-default\">Finsk\u00e9 sauny<\/h1>\t\t\t\t<\/div>\n\t\t\t\t\t<\/div>\n\t\t\t\t<\/div>\n\t\t<div class=\"elementor-element elementor-element-fe88840 e-flex e-con-boxed e-con e-parent\" data-id=\"fe88840\" data-element_type=\"container\">\n\t\t\t\t\t<div class=\"e-con-inner\">\n\t\t<div class=\"elementor-element elementor-element-a99e2d2 e-con-full e-flex e-con e-child\" data-id=\"a99e2d2\" data-element_type=\"container\">\n\t\t\t\t<div class=\"elementor-element elementor-element-cf1a903 elementor-widget elementor-widget-image\" data-id=\"cf1a903\" data-element_type=\"widget\" data-widget_type=\"image.default\">\n\t\t\t\t\t\t\t\t\t\t\t\t\t\t\t<img fetchpriority=\"high\" decoding=\"async\" width=\"683\" height=\"1024\" src=\"https:\/\/aqualuxpool.eu\/wp-content\/uploads\/2025\/03\/sauna-obr1-683x1024.jpeg\" class=\"attachment-large size-large wp-image-3474\" alt=\"\" srcset=\"https:\/\/aqualuxpool.eu\/wp-content\/uploads\/2025\/03\/sauna-obr1-683x1024.jpeg 683w, https:\/\/aqualuxpool.eu\/wp-content\/uploads\/2025\/03\/sauna-obr1-200x300.jpeg 200w, https:\/\/aqualuxpool.eu\/wp-content\/uploads\/2025\/03\/sauna-obr1-768x1152.jpeg 768w, https:\/\/aqualuxpool.eu\/wp-content\/uploads\/2025\/03\/sauna-obr1-1024x1536.jpeg 1024w, https:\/\/aqualuxpool.eu\/wp-content\/uploads\/2025\/03\/sauna-obr1.jpeg 1067w\" sizes=\"(max-width: 683px) 100vw, 683px\" \/>\t\t\t\t\t\t\t\t\t\t\t\t\t\t\t<\/div>\n\t\t\t\t<\/div>\n\t\t<div class=\"elementor-element elementor-element-092f0ad e-con-full e-flex e-con e-child\" data-id=\"092f0ad\" data-element_type=\"container\">\n\t\t\t\t<div class=\"elementor-element elementor-element-0b42d0c elementor-widget elementor-widget-text-editor\" data-id=\"0b42d0c\" data-element_type=\"widget\" data-widget_type=\"text-editor.default\">\n\t\t\t\t\t\t\t\t\t<p>Hled\u00e1te kvalitn\u00ed finsk\u00e9 sauny na m\u00edru, kter\u00e9 v\u00e1m p\u0159inesou dokonalou relaxaci a regeneraci? Na\u0161e spole\u010dnost v\u00e1m nab\u00edz\u00ed jedine\u010dn\u00e1 \u0159e\u0161en\u00ed v oblasti saunov\u00e1n\u00ed. Finsk\u00e1 sauna je tradi\u010dn\u00ed a nejobl\u00edben\u011bj\u0161\u00ed typ sauny, kter\u00fd si z\u00edsk\u00e1v\u00e1 st\u00e1le v\u00edce spokojen\u00fdch z\u00e1kazn\u00edk\u016f.  <\/p><p><strong>Pro\u010d si vybrat finskou saunu na m\u00edru?<\/strong><\/p><p>Princip finsk\u00e9ho saunov\u00e1n\u00ed spo\u010d\u00edv\u00e1 ve vysok\u00e9 teplot\u011b (a\u017e 110 \u00b0 C) a n\u00edzk\u00e9 vlhkosti, kter\u00e9 m\u016f\u017eete doplnit o parn\u00ed n\u00e1razy. Saunov\u00e1n\u00ed m\u00e1 \u0159adu zdravotn\u00edch benefit\u016f:<br>detoxikuje organismus, podporuje redukci hmotnosti, posiluje imunitn\u00ed syst\u00e9m, zlep\u0161uje prokrven\u00ed a krevn\u00ed ob\u011bh, zvy\u0161uje vitalitu a navrac\u00ed energii. Proces saunov\u00e1n\u00ed zahrnuje st\u0159\u00edd\u00e1n\u00ed pobytu v hork\u00e9 saun\u011b a ochlazen\u00ed v baz\u00e9nu, k\u00e1di nebo spr\u0161e. Tento cyklus by se m\u011bl opakovat 2\u20133 kr\u00e1t, ale v\u017edy z\u00e1vis\u00ed na va\u0161ich individu\u00e1ln\u00edch pocitech a kondici. Pravideln\u00e9 saunov\u00e1n\u00ed se m\u016f\u017ee st\u00e1t va\u0161\u00edm zdrav\u00fdm \u017eivotn\u00edm stylem, kter\u00fd v\u00e1m p\u0159inese pocit relaxace a obnovy.    <\/p><p>U d\u0159ev\u011bn\u00fdch typ\u016f kabin je mo\u017enost v\u00fdb\u011bru z nejkvalitn\u011bj\u0161\u00edch materi\u00e1l\u016f kategorie A, jako nap\u0159\u00edklad: seversk\u00fd smrk, b\u00edl\u00e1 osika, ol\u0161e a dal\u0161\u00ed.<\/p>\t\t\t\t\t\t\t\t<\/div>\n\t\t\t\t<\/div>\n\t\t\t\t\t<\/div>\n\t\t\t\t<\/div>\n\t\t<div class=\"elementor-element elementor-element-e0c3723 e-flex e-con-boxed e-con e-parent\" data-id=\"e0c3723\" data-element_type=\"container\" data-settings=\"{&quot;background_background&quot;:&quot;classic&quot;}\">\n\t\t\t\t\t<div class=\"e-con-inner\">\n\t\t<div class=\"elementor-element elementor-element-1f05bd5 e-con-full e-flex e-con e-child\" data-id=\"1f05bd5\" data-element_type=\"container\">\n\t\t\t\t<div class=\"elementor-element elementor-element-ef1e9e2 elementor-widget elementor-widget-image\" data-id=\"ef1e9e2\" data-element_type=\"widget\" data-widget_type=\"image.default\">\n\t\t\t\t\t\t\t\t\t\t\t\t\t\t\t<img decoding=\"async\" width=\"1600\" height=\"899\" src=\"https:\/\/aqualuxpool.eu\/wp-content\/uploads\/2025\/03\/finske-sauny-sauna-sirka-aqualuxpool-eu.jpeg\" class=\"attachment-full size-full wp-image-3498\" alt=\"\" srcset=\"https:\/\/aqualuxpool.eu\/wp-content\/uploads\/2025\/03\/finske-sauny-sauna-sirka-aqualuxpool-eu.jpeg 1600w, https:\/\/aqualuxpool.eu\/wp-content\/uploads\/2025\/03\/finske-sauny-sauna-sirka-aqualuxpool-eu-300x169.jpeg 300w, https:\/\/aqualuxpool.eu\/wp-content\/uploads\/2025\/03\/finske-sauny-sauna-sirka-aqualuxpool-eu-1024x575.jpeg 1024w, https:\/\/aqualuxpool.eu\/wp-content\/uploads\/2025\/03\/finske-sauny-sauna-sirka-aqualuxpool-eu-768x432.jpeg 768w, https:\/\/aqualuxpool.eu\/wp-content\/uploads\/2025\/03\/finske-sauny-sauna-sirka-aqualuxpool-eu-1536x863.jpeg 1536w\" sizes=\"(max-width: 1600px) 100vw, 1600px\" \/>\t\t\t\t\t\t\t\t\t\t\t\t\t\t\t<\/div>\n\t\t\t\t<\/div>\n\t\t<div class=\"elementor-element elementor-element-a5a89aa e-con-full e-flex e-con e-child\" data-id=\"a5a89aa\" data-element_type=\"container\">\n\t\t\t\t<div class=\"elementor-element elementor-element-ae1223c elementor-widget elementor-widget-text-editor\" data-id=\"ae1223c\" data-element_type=\"widget\" data-widget_type=\"text-editor.default\">\n\t\t\t\t\t\t\t\t\t<p><strong>Rozm\u011br vnit\u0159n\u00ed:<\/strong> D x V x \u0160 (cm) &#8211; 250 x 200 x 200<\/p><p>&#8211; proveden\u00ed s obkladem seversk\u00fd smrk<br>7 800 \u20ac bez DPH\/ s DPH 9 594 \u20ac<\/p><p>&#8211; proveden\u00ed s obkladem ol\u0161e<br>9 290 \u20ac bez DPH\/ s DPH 11 427 \u20ac<\/p><p>&#8211; proveden\u00ed s obkladem b\u00edl\u00e1 osika<br> 10 090 \u20ac bez DPH \/ s DPH 12 410 \u20ac<\/p>\t\t\t\t\t\t\t\t<\/div>\n\t\t\t\t<div class=\"elementor-element elementor-element-0a2dde0 elementor-widget elementor-widget-text-editor\" data-id=\"0a2dde0\" data-element_type=\"widget\" data-widget_type=\"text-editor.default\">\n\t\t\t\t\t\t\t\t\t<p><strong>Oh\u0159ev:<br><br><\/strong>N\u00e1st\u011bnn\u00e1 saunov\u00e1 kamna HUUM DROP (elektrick\u00e1) do sauny, nerezov\u00e9 proveden\u00ed, v\u00fdkon 9 kW.<br>Cena: 629 \u20ac s DPH<\/p><p>HUUM kameny do pece 60 kg<br>Cena: 159 \u20ac s DPH<\/p><p>100% slovensk\u00fd v\u00fdrobek a ru\u010dn\u00ed pr\u00e1ce.<br>Term\u00edn dod\u00e1n\u00ed min.: 60 dn\u00ed<\/p>\t\t\t\t\t\t\t\t<\/div>\n\t\t\t\t<\/div>\n\t\t\t\t\t<\/div>\n\t\t\t\t<\/div>\n\t\t\t\t<\/div>\n\t\t","protected":false},"excerpt":{"rendered":"<p>Finsk\u00e9 sauny Hled\u00e1te kvalitn\u00ed finsk\u00e9 sauny na m\u00edru, kter\u00e9 v\u00e1m p\u0159inesou dokonalou relaxaci a regeneraci? Na\u0161e spole\u010dnost v\u00e1m nab\u00edz\u00ed jedine\u010dn\u00e1 \u0159e\u0161en\u00ed v oblasti saunov\u00e1n\u00ed. Finsk\u00e1 sauna je tradi\u010dn\u00ed a nejobl\u00edben\u011bj\u0161\u00ed typ sauny, kter\u00fd si z\u00edsk\u00e1v\u00e1 st\u00e1le v\u00edce spokojen\u00fdch z\u00e1kazn\u00edk\u016f. Pro\u010d si vybrat finskou saunu na m\u00edru? Princip finsk\u00e9ho saunov\u00e1n\u00ed spo\u010d\u00edv\u00e1 ve vysok\u00e9 teplot\u011b (a\u017e 110 [&hellip;]<\/p>\n","protected":false},"author":2,"featured_media":0,"parent":0,"menu_order":0,"comment_status":"closed","ping_status":"closed","template":"","meta":{"footnotes":""},"class_list":["post-3799","page","type-page","status-publish","hentry"],"yoast_head":"<!-- This site is optimized with the Yoast SEO plugin v24.6 - https:\/\/yoast.com\/wordpress\/plugins\/seo\/ -->\n<title>Sauny - AQUA LUX POOL<\/title>\n<meta name=\"robots\" content=\"index, follow, max-snippet:-1, max-image-preview:large, max-video-preview:-1\" \/>\n<link rel=\"canonical\" href=\"https:\/\/aqualuxpool.eu\/cs\/sauny\/\" \/>\n<meta property=\"og:locale\" content=\"cs_CZ\" \/>\n<meta property=\"og:type\" content=\"article\" \/>\n<meta property=\"og:title\" content=\"Sauny - AQUA LUX POOL\" \/>\n<meta property=\"og:description\" content=\"Finsk\u00e9 sauny Hled\u00e1te kvalitn\u00ed finsk\u00e9 sauny na m\u00edru, kter\u00e9 v\u00e1m p\u0159inesou dokonalou relaxaci a regeneraci? Na\u0161e spole\u010dnost v\u00e1m nab\u00edz\u00ed jedine\u010dn\u00e1 \u0159e\u0161en\u00ed v oblasti saunov\u00e1n\u00ed. Finsk\u00e1 sauna je tradi\u010dn\u00ed a nejobl\u00edben\u011bj\u0161\u00ed typ sauny, kter\u00fd si z\u00edsk\u00e1v\u00e1 st\u00e1le v\u00edce spokojen\u00fdch z\u00e1kazn\u00edk\u016f. Pro\u010d si vybrat finskou saunu na m\u00edru? Princip finsk\u00e9ho saunov\u00e1n\u00ed spo\u010d\u00edv\u00e1 ve vysok\u00e9 teplot\u011b (a\u017e 110 [&hellip;]\" \/>\n<meta property=\"og:url\" content=\"https:\/\/aqualuxpool.eu\/cs\/sauny\/\" \/>\n<meta property=\"og:site_name\" content=\"AQUA LUX POOL\" \/>\n<meta property=\"article:modified_time\" content=\"2025-04-17T12:12:11+00:00\" \/>\n<meta property=\"og:image\" content=\"https:\/\/aqualuxpool.eu\/wp-content\/uploads\/2025\/03\/sauna-obr1.jpeg\" \/>\n\t<meta property=\"og:image:width\" content=\"1067\" \/>\n\t<meta property=\"og:image:height\" content=\"1600\" \/>\n\t<meta property=\"og:image:type\" content=\"image\/jpeg\" \/>\n<meta name=\"twitter:card\" content=\"summary_large_image\" \/>\n<meta name=\"twitter:label1\" content=\"Odhadovan\u00e1 doba \u010dten\u00ed\" \/>\n\t<meta name=\"twitter:data1\" content=\"2 minuty\" \/>\n<script type=\"application\/ld+json\" class=\"yoast-schema-graph\">{\"@context\":\"https:\/\/schema.org\",\"@graph\":[{\"@type\":\"WebPage\",\"@id\":\"https:\/\/aqualuxpool.eu\/cs\/sauny\/\",\"url\":\"https:\/\/aqualuxpool.eu\/cs\/sauny\/\",\"name\":\"Sauny - AQUA LUX POOL\",\"isPartOf\":{\"@id\":\"https:\/\/aqualuxpool.eu\/cs\/#website\"},\"primaryImageOfPage\":{\"@id\":\"https:\/\/aqualuxpool.eu\/cs\/sauny\/#primaryimage\"},\"image\":{\"@id\":\"https:\/\/aqualuxpool.eu\/cs\/sauny\/#primaryimage\"},\"thumbnailUrl\":\"https:\/\/aqualuxpool.eu\/wp-content\/uploads\/2025\/03\/sauna-obr1-683x1024.jpeg\",\"datePublished\":\"2025-03-22T10:35:22+00:00\",\"dateModified\":\"2025-04-17T12:12:11+00:00\",\"breadcrumb\":{\"@id\":\"https:\/\/aqualuxpool.eu\/cs\/sauny\/#breadcrumb\"},\"inLanguage\":\"cs\",\"potentialAction\":[{\"@type\":\"ReadAction\",\"target\":[\"https:\/\/aqualuxpool.eu\/cs\/sauny\/\"]}]},{\"@type\":\"ImageObject\",\"inLanguage\":\"cs\",\"@id\":\"https:\/\/aqualuxpool.eu\/cs\/sauny\/#primaryimage\",\"url\":\"https:\/\/aqualuxpool.eu\/wp-content\/uploads\/2025\/03\/sauna-obr1-683x1024.jpeg\",\"contentUrl\":\"https:\/\/aqualuxpool.eu\/wp-content\/uploads\/2025\/03\/sauna-obr1-683x1024.jpeg\"},{\"@type\":\"BreadcrumbList\",\"@id\":\"https:\/\/aqualuxpool.eu\/cs\/sauny\/#breadcrumb\",\"itemListElement\":[{\"@type\":\"ListItem\",\"position\":1,\"name\":\"Home\",\"item\":\"https:\/\/aqualuxpool.eu\/cs\/homepage-2\/\"},{\"@type\":\"ListItem\",\"position\":2,\"name\":\"Sauny\"}]},{\"@type\":\"WebSite\",\"@id\":\"https:\/\/aqualuxpool.eu\/cs\/#website\",\"url\":\"https:\/\/aqualuxpool.eu\/cs\/\",\"name\":\"AQUA LUX POOL\",\"description\":\"Luxusn\u00e9 nerezov\u00e9 baz\u00e9ny\",\"publisher\":{\"@id\":\"https:\/\/aqualuxpool.eu\/cs\/#organization\"},\"potentialAction\":[{\"@type\":\"SearchAction\",\"target\":{\"@type\":\"EntryPoint\",\"urlTemplate\":\"https:\/\/aqualuxpool.eu\/cs\/?s={search_term_string}\"},\"query-input\":{\"@type\":\"PropertyValueSpecification\",\"valueRequired\":true,\"valueName\":\"search_term_string\"}}],\"inLanguage\":\"cs\"},{\"@type\":\"Organization\",\"@id\":\"https:\/\/aqualuxpool.eu\/cs\/#organization\",\"name\":\"AQUA LUX POOL\",\"url\":\"https:\/\/aqualuxpool.eu\/cs\/\",\"logo\":{\"@type\":\"ImageObject\",\"inLanguage\":\"cs\",\"@id\":\"https:\/\/aqualuxpool.eu\/cs\/#\/schema\/logo\/image\/\",\"url\":\"https:\/\/aqualuxpool.eu\/wp-content\/uploads\/2023\/10\/logo.png\",\"contentUrl\":\"https:\/\/aqualuxpool.eu\/wp-content\/uploads\/2023\/10\/logo.png\",\"width\":1248,\"height\":284,\"caption\":\"AQUA LUX POOL\"},\"image\":{\"@id\":\"https:\/\/aqualuxpool.eu\/cs\/#\/schema\/logo\/image\/\"}}]}<\/script>\n<!-- \/ Yoast SEO plugin. -->","yoast_head_json":{"title":"Sauny - AQUA LUX POOL","robots":{"index":"index","follow":"follow","max-snippet":"max-snippet:-1","max-image-preview":"max-image-preview:large","max-video-preview":"max-video-preview:-1"},"canonical":"https:\/\/aqualuxpool.eu\/cs\/sauny\/","og_locale":"cs_CZ","og_type":"article","og_title":"Sauny - AQUA LUX POOL","og_description":"Finsk\u00e9 sauny Hled\u00e1te kvalitn\u00ed finsk\u00e9 sauny na m\u00edru, kter\u00e9 v\u00e1m p\u0159inesou dokonalou relaxaci a regeneraci? Na\u0161e spole\u010dnost v\u00e1m nab\u00edz\u00ed jedine\u010dn\u00e1 \u0159e\u0161en\u00ed v oblasti saunov\u00e1n\u00ed. Finsk\u00e1 sauna je tradi\u010dn\u00ed a nejobl\u00edben\u011bj\u0161\u00ed typ sauny, kter\u00fd si z\u00edsk\u00e1v\u00e1 st\u00e1le v\u00edce spokojen\u00fdch z\u00e1kazn\u00edk\u016f. Pro\u010d si vybrat finskou saunu na m\u00edru? Princip finsk\u00e9ho saunov\u00e1n\u00ed spo\u010d\u00edv\u00e1 ve vysok\u00e9 teplot\u011b (a\u017e 110 [&hellip;]","og_url":"https:\/\/aqualuxpool.eu\/cs\/sauny\/","og_site_name":"AQUA LUX POOL","article_modified_time":"2025-04-17T12:12:11+00:00","og_image":[{"width":1067,"height":1600,"url":"https:\/\/aqualuxpool.eu\/wp-content\/uploads\/2025\/03\/sauna-obr1.jpeg","type":"image\/jpeg"}],"twitter_card":"summary_large_image","twitter_misc":{"Odhadovan\u00e1 doba \u010dten\u00ed":"2 minuty"},"schema":{"@context":"https:\/\/schema.org","@graph":[{"@type":"WebPage","@id":"https:\/\/aqualuxpool.eu\/cs\/sauny\/","url":"https:\/\/aqualuxpool.eu\/cs\/sauny\/","name":"Sauny - AQUA LUX POOL","isPartOf":{"@id":"https:\/\/aqualuxpool.eu\/cs\/#website"},"primaryImageOfPage":{"@id":"https:\/\/aqualuxpool.eu\/cs\/sauny\/#primaryimage"},"image":{"@id":"https:\/\/aqualuxpool.eu\/cs\/sauny\/#primaryimage"},"thumbnailUrl":"https:\/\/aqualuxpool.eu\/wp-content\/uploads\/2025\/03\/sauna-obr1-683x1024.jpeg","datePublished":"2025-03-22T10:35:22+00:00","dateModified":"2025-04-17T12:12:11+00:00","breadcrumb":{"@id":"https:\/\/aqualuxpool.eu\/cs\/sauny\/#breadcrumb"},"inLanguage":"cs","potentialAction":[{"@type":"ReadAction","target":["https:\/\/aqualuxpool.eu\/cs\/sauny\/"]}]},{"@type":"ImageObject","inLanguage":"cs","@id":"https:\/\/aqualuxpool.eu\/cs\/sauny\/#primaryimage","url":"https:\/\/aqualuxpool.eu\/wp-content\/uploads\/2025\/03\/sauna-obr1-683x1024.jpeg","contentUrl":"https:\/\/aqualuxpool.eu\/wp-content\/uploads\/2025\/03\/sauna-obr1-683x1024.jpeg"},{"@type":"BreadcrumbList","@id":"https:\/\/aqualuxpool.eu\/cs\/sauny\/#breadcrumb","itemListElement":[{"@type":"ListItem","position":1,"name":"Home","item":"https:\/\/aqualuxpool.eu\/cs\/homepage-2\/"},{"@type":"ListItem","position":2,"name":"Sauny"}]},{"@type":"WebSite","@id":"https:\/\/aqualuxpool.eu\/cs\/#website","url":"https:\/\/aqualuxpool.eu\/cs\/","name":"AQUA LUX POOL","description":"Luxusn\u00e9 nerezov\u00e9 baz\u00e9ny","publisher":{"@id":"https:\/\/aqualuxpool.eu\/cs\/#organization"},"potentialAction":[{"@type":"SearchAction","target":{"@type":"EntryPoint","urlTemplate":"https:\/\/aqualuxpool.eu\/cs\/?s={search_term_string}"},"query-input":{"@type":"PropertyValueSpecification","valueRequired":true,"valueName":"search_term_string"}}],"inLanguage":"cs"},{"@type":"Organization","@id":"https:\/\/aqualuxpool.eu\/cs\/#organization","name":"AQUA LUX POOL","url":"https:\/\/aqualuxpool.eu\/cs\/","logo":{"@type":"ImageObject","inLanguage":"cs","@id":"https:\/\/aqualuxpool.eu\/cs\/#\/schema\/logo\/image\/","url":"https:\/\/aqualuxpool.eu\/wp-content\/uploads\/2023\/10\/logo.png","contentUrl":"https:\/\/aqualuxpool.eu\/wp-content\/uploads\/2023\/10\/logo.png","width":1248,"height":284,"caption":"AQUA LUX POOL"},"image":{"@id":"https:\/\/aqualuxpool.eu\/cs\/#\/schema\/logo\/image\/"}}]}},"_links":{"self":[{"href":"https:\/\/aqualuxpool.eu\/cs\/wp-json\/wp\/v2\/pages\/3799","targetHints":{"allow":["GET"]}}],"collection":[{"href":"https:\/\/aqualuxpool.eu\/cs\/wp-json\/wp\/v2\/pages"}],"about":[{"href":"https:\/\/aqualuxpool.eu\/cs\/wp-json\/wp\/v2\/types\/page"}],"author":[{"embeddable":true,"href":"https:\/\/aqualuxpool.eu\/cs\/wp-json\/wp\/v2\/users\/2"}],"replies":[{"embeddable":true,"href":"https:\/\/aqualuxpool.eu\/cs\/wp-json\/wp\/v2\/comments?post=3799"}],"version-history":[{"count":6,"href":"https:\/\/aqualuxpool.eu\/cs\/wp-json\/wp\/v2\/pages\/3799\/revisions"}],"predecessor-version":[{"id":4039,"href":"https:\/\/aqualuxpool.eu\/cs\/wp-json\/wp\/v2\/pages\/3799\/revisions\/4039"}],"wp:attachment":[{"href":"https:\/\/aqualuxpool.eu\/cs\/wp-json\/wp\/v2\/media?parent=3799"}],"curies":[{"name":"wp","href":"https:\/\/api.w.org\/{rel}","templated":true}]}}